{"id":2463,"date":"2001-02-28T00:00:00","date_gmt":"2001-02-28T00:00:00","guid":{"rendered":"https:\/\/miners.rocks\/product\/edeljaspis-madagaskar\/"},"modified":"2020-05-19T16:58:39","modified_gmt":"2020-05-19T16:58:39","slug":"jaspe-precieux-de-madagascar","status":"publish","type":"product","link":"https:\/\/westgem.shop\/fr\/produit\/jaspe-precieux-de-madagascar\/","title":{"rendered":"EDELJASPIS - Madagascar"},"content":{"rendered":"<p>Magnifique sculpture d'int\u00e9rieur - un accroche-regard de premi\u00e8re classe,<\/p>\n<p><u>Madagascar EDELJASPIS<\/u> - en rare JAUNE\/ROUGE, motifs de lamelles flamm\u00e9es.<\/p>\n<p>On ne voit vraiment pas \u00e7a tous les jours.<\/p>\n<p>Aff\u00fbt\u00e9e \u00e0 la main et polie de premi\u00e8re qualit\u00e9 .<\/p>\n<p>Il n'en existe actuellement que quelques pi\u00e8ces dans toute l'Europe.<\/p>\n<p>Poids : 1,4 kilogramme Hauteur : 21 cm Largeur : 11 cm Profondeur : 6 cm<\/p>","protected":false},"excerpt":{"rendered":"<p>Magnifique sculpture d'int\u00e9rieur - un accroche-regard de premi\u00e8re classe, JASPIS EDEL de Madagascar - dans un rare JAUNE\/ROUGE, motifs d'agneau flamm\u00e9. On ne voit vraiment pas \u00e7a tous les jours. Taill\u00e9 \u00e0 la main et poli de premi\u00e8re qualit\u00e9. Il n'en existe actuellement que quelques exemplaires en Europe. Poids : 1,4 kilogramme Hauteur : 21 cm Largeur : 11 cm Profondeur : 6 cm<\/p>","protected":false},"featured_media":3369,"template":"","meta":{"_acf_changed":false},"region":[],"product_brand":[],"product_cat":[15],"product_tag":[],"class_list":{"0":"post-2463","1":"product","2":"type-product","3":"status-publish","4":"has-post-thumbnail","6":"product_cat-mineralien","8":"first","9":"outofstock","10":"sold-individually","11":"product-type-simple"},"acf":[],"_links":{"self":[{"href":"https:\/\/westgem.shop\/fr\/wp-json\/wp\/v2\/product\/2463","targetHints":{"allow":["GET"]}}],"collection":[{"href":"https:\/\/westgem.shop\/fr\/wp-json\/wp\/v2\/product"}],"about":[{"href":"https:\/\/westgem.shop\/fr\/wp-json\/wp\/v2\/types\/product"}],"wp:featuredmedia":[{"embeddable":true,"href":"https:\/\/westgem.shop\/fr\/wp-json\/wp\/v2\/media\/3369"}],"wp:attachment":[{"href":"https:\/\/westgem.shop\/fr\/wp-json\/wp\/v2\/media?parent=2463"}],"wp:term":[{"taxonomy":"region","embeddable":true,"href":"https:\/\/westgem.shop\/fr\/wp-json\/wp\/v2\/region?post=2463"},{"taxonomy":"product_brand","embeddable":true,"href":"https:\/\/westgem.shop\/fr\/wp-json\/wp\/v2\/product_brand?post=2463"},{"taxonomy":"product_cat","embeddable":true,"href":"https:\/\/westgem.shop\/fr\/wp-json\/wp\/v2\/product_cat?post=2463"},{"taxonomy":"product_tag","embeddable":true,"href":"https:\/\/westgem.shop\/fr\/wp-json\/wp\/v2\/product_tag?post=2463"}],"curies":[{"name":"wp","href":"https:\/\/api.w.org\/{rel}","templated":true}]}}