{"id":2464,"date":"2001-03-01T00:00:00","date_gmt":"2001-03-01T00:00:00","guid":{"rendered":"https:\/\/miners.rocks\/product\/handpoliert-edeljaspis\/"},"modified":"2020-05-19T16:58:39","modified_gmt":"2020-05-19T16:58:39","slug":"jaspe-precieux-poli-a-la-main","status":"publish","type":"product","link":"https:\/\/westgem.shop\/fr\/produit\/jaspe-precieux-poli-a-la-main\/","title":{"rendered":"POLI \u00c0 LA MAIN - JASPE PR\u00c9CIEUX"},"content":{"rendered":"<p>\n\t<u>Le plus fin des JASPIS EDEL de Madagascar<\/u><\/p>\n<p>\n\tcouleurs JAUNE - ROUGE flamm\u00e9 - tr\u00e8s rare !<\/p>\n<p>\n\tPonc\u00e9 \u00e0 la main - polissage 1A<\/p>\n<p>\n\tL'accroche-regard extravagant - Tr\u00e8s peu de pi\u00e8ces disponibles !<\/p>\n<p>\n\tPoids : 1,2 kilogramme Hauteur : 17 cm L : 8 cm P : 5 cm<\/p><\/p>","protected":false},"excerpt":{"rendered":"<p>JASPIS EDEL de Madagascar le plus fin, couleurs JAUNE - ROUGE flamm\u00e9es - tr\u00e8s rare ! Taill\u00e9 \u00e0 la main - polissage 1A Le point de mire extravagant - Tr\u00e8s peu de pi\u00e8ces disponibles ! Poids : 1,2 kilogramme Hauteur : 17 cm L : 8 cm P : 5 cm<\/p>","protected":false},"featured_media":3372,"template":"","meta":{"_acf_changed":false},"region":[],"product_brand":[],"product_cat":[15],"product_tag":[],"class_list":{"0":"post-2464","1":"product","2":"type-product","3":"status-publish","4":"has-post-thumbnail","6":"product_cat-mineralien","8":"first","9":"outofstock","10":"sold-individually","11":"product-type-simple"},"acf":[],"_links":{"self":[{"href":"https:\/\/westgem.shop\/fr\/wp-json\/wp\/v2\/product\/2464","targetHints":{"allow":["GET"]}}],"collection":[{"href":"https:\/\/westgem.shop\/fr\/wp-json\/wp\/v2\/product"}],"about":[{"href":"https:\/\/westgem.shop\/fr\/wp-json\/wp\/v2\/types\/product"}],"wp:featuredmedia":[{"embeddable":true,"href":"https:\/\/westgem.shop\/fr\/wp-json\/wp\/v2\/media\/3372"}],"wp:attachment":[{"href":"https:\/\/westgem.shop\/fr\/wp-json\/wp\/v2\/media?parent=2464"}],"wp:term":[{"taxonomy":"region","embeddable":true,"href":"https:\/\/westgem.shop\/fr\/wp-json\/wp\/v2\/region?post=2464"},{"taxonomy":"product_brand","embeddable":true,"href":"https:\/\/westgem.shop\/fr\/wp-json\/wp\/v2\/product_brand?post=2464"},{"taxonomy":"product_cat","embeddable":true,"href":"https:\/\/westgem.shop\/fr\/wp-json\/wp\/v2\/product_cat?post=2464"},{"taxonomy":"product_tag","embeddable":true,"href":"https:\/\/westgem.shop\/fr\/wp-json\/wp\/v2\/product_tag?post=2464"}],"curies":[{"name":"wp","href":"https:\/\/api.w.org\/{rel}","templated":true}]}}