{"id":2465,"date":"2001-03-02T00:00:00","date_gmt":"2001-03-02T00:00:00","guid":{"rendered":"https:\/\/miners.rocks\/product\/edeljaspis-top-deko\/"},"modified":"2020-05-19T16:58:40","modified_gmt":"2020-05-19T16:58:40","slug":"jaspe-precieux-top-deco","status":"publish","type":"product","link":"https:\/\/westgem.shop\/fr\/produit\/jaspe-precieux-top-deco\/","title":{"rendered":"EDELJASPIS - Top D\u00e9co"},"content":{"rendered":"<p>De premi\u00e8re qualit\u00e9 , taill\u00e9 et poli \u00e0 la main .<\/p>\n<p><u>Jaspe noble jaune et rouge le plus fin<\/u><\/p>\n<p><u>SUNSET JASPER<\/u><\/p>\n<p>Couleurs tr\u00e8s rares et intenses avec des motifs flamm\u00e9s<\/p>\n<p>Poids : 1,3 kilogramme Dimensions : 13 x 10 x 8 cm<\/p>\n<p>Les photos montrent la sculpture de face et de dos.<\/p>\n<p>Si vous souhaitez poss\u00e9der un objet d'une beaut\u00e9 rare, vous devriez envisager de l'acheter.<\/p>\n<p><u>PRIX R\u00c9DUIT !<\/u><\/p>","protected":false},"excerpt":{"rendered":"<p>De premi\u00e8re qualit\u00e9, taill\u00e9 et poli \u00e0 la main. Jaspe noble tr\u00e8s fin JAUNE ROUGE SUNSET JASPER Couleurs tr\u00e8s rares et intenses avec des motifs flamm\u00e9s Poids : 1,3 kilogramme Dimensions : 13 x 10 x 8 cm Les photos montrent la sculpture de face et de dos - elle peut \u00eatre plac\u00e9e comme ceci ou comme cela. Si vous souhaitez poss\u00e9der quelque chose de rarement beau [...].<\/p>","protected":false},"featured_media":3374,"template":"","meta":{"_acf_changed":false},"region":[],"product_brand":[],"product_cat":[15],"product_tag":[],"class_list":{"0":"post-2465","1":"product","2":"type-product","3":"status-publish","4":"has-post-thumbnail","6":"product_cat-mineralien","8":"first","9":"outofstock","10":"sold-individually","11":"product-type-simple"},"acf":[],"_links":{"self":[{"href":"https:\/\/westgem.shop\/fr\/wp-json\/wp\/v2\/product\/2465","targetHints":{"allow":["GET"]}}],"collection":[{"href":"https:\/\/westgem.shop\/fr\/wp-json\/wp\/v2\/product"}],"about":[{"href":"https:\/\/westgem.shop\/fr\/wp-json\/wp\/v2\/types\/product"}],"wp:featuredmedia":[{"embeddable":true,"href":"https:\/\/westgem.shop\/fr\/wp-json\/wp\/v2\/media\/3374"}],"wp:attachment":[{"href":"https:\/\/westgem.shop\/fr\/wp-json\/wp\/v2\/media?parent=2465"}],"wp:term":[{"taxonomy":"region","embeddable":true,"href":"https:\/\/westgem.shop\/fr\/wp-json\/wp\/v2\/region?post=2465"},{"taxonomy":"product_brand","embeddable":true,"href":"https:\/\/westgem.shop\/fr\/wp-json\/wp\/v2\/product_brand?post=2465"},{"taxonomy":"product_cat","embeddable":true,"href":"https:\/\/westgem.shop\/fr\/wp-json\/wp\/v2\/product_cat?post=2465"},{"taxonomy":"product_tag","embeddable":true,"href":"https:\/\/westgem.shop\/fr\/wp-json\/wp\/v2\/product_tag?post=2465"}],"curies":[{"name":"wp","href":"https:\/\/api.w.org\/{rel}","templated":true}]}}