{"id":2466,"date":"2001-03-03T00:00:00","date_gmt":"2001-03-03T00:00:00","guid":{"rendered":"https:\/\/miners.rocks\/product\/versteinertes-holz\/"},"modified":"2020-05-19T16:58:40","modified_gmt":"2020-05-19T16:58:40","slug":"bois-petrifie-2","status":"publish","type":"product","link":"https:\/\/westgem.shop\/fr\/produit\/bois-petrifie-2\/","title":{"rendered":"Bois p\u00e9trifi\u00e9"},"content":{"rendered":"<p>BOUGIE taill\u00e9e et polie \u00e0 la main dans un mat\u00e9riau de plus de <u>100 millions d'ann\u00e9es<\/u> ancien<\/p>\n<p><u>BOIS P\u00c9TRIFI\u00c9 - (ARAUCARIA)<\/u> de Madagascar<\/p>\n<p>Cette superbe DEKO Kuges attire l'attention, par exemple sur un bureau. Sa forme et son \u00e9clat myst\u00e9rieux incitent \u00e0 la prendre en main de temps en temps pour r\u00e9duire le stress. Rien qu'\u00e0 l'id\u00e9e que cette pi\u00e8ce est d\u00e9j\u00e0 vieille de plus de 100 millions d'ann\u00e9es, il est possible d'envisager les soucis et les probl\u00e8mes quotidiens avec un peu plus de s\u00e9r\u00e9nit\u00e9.<\/p>\n<p>Il ne s'agit pas d'un nouvel \u00e9lan \u00e9sot\u00e9rique de notre part, mais de valeurs empiriques de nos clients, avocats, m\u00e9decins, managers (- -in), .............<\/p>\n<p>Nous importons directement de Madagascar via l'Afrique du Sud et pouvons vous offrir un <u>un prix de premier ordre<\/u> . Les billes de cette qualit\u00e9 ne sont normalement pas disponibles \u00e0 moins de 100 euros.<\/p>\n<p>Mais chez nous, vous recevez en plus GRATUITEMENT un support de boule en plexiglas tr\u00e8s attrayant.<\/p>\n<p>L'endroit o\u00f9 l'on trouve la mati\u00e8re premi\u00e8re des CENDRES POLIES \u00e0 Madagascar est le Mont Bity dans la vall\u00e9e de Manando .<\/p>\n<p>Poids 570 g Le diam\u00e8tre de la boule est de 8 cm !<\/p>","protected":false},"excerpt":{"rendered":"<p>BOULE polie et taill\u00e9e \u00e0 la main dans un BOIS PERFOR\u00c9 (CARIE ARAU) de Madagascar vieux de plus de 100 millions d'ann\u00e9es Cette superbe DEKO Kuges attire l'attention, par exemple sur un bureau - pour \u00e9vacuer le stress, sa forme et son \u00e9clat myst\u00e9rieux incitent \u00e0 prendre la boule dans la main de temps en temps. Le simple fait de penser \u00e0 [...]<\/p>","protected":false},"featured_media":3376,"template":"","meta":{"_acf_changed":false},"region":[],"product_brand":[],"product_cat":[15],"product_tag":[],"class_list":{"0":"post-2466","1":"product","2":"type-product","3":"status-publish","4":"has-post-thumbnail","6":"product_cat-mineralien","8":"first","9":"outofstock","10":"sold-individually","11":"product-type-simple"},"acf":[],"_links":{"self":[{"href":"https:\/\/westgem.shop\/fr\/wp-json\/wp\/v2\/product\/2466","targetHints":{"allow":["GET"]}}],"collection":[{"href":"https:\/\/westgem.shop\/fr\/wp-json\/wp\/v2\/product"}],"about":[{"href":"https:\/\/westgem.shop\/fr\/wp-json\/wp\/v2\/types\/product"}],"wp:featuredmedia":[{"embeddable":true,"href":"https:\/\/westgem.shop\/fr\/wp-json\/wp\/v2\/media\/3376"}],"wp:attachment":[{"href":"https:\/\/westgem.shop\/fr\/wp-json\/wp\/v2\/media?parent=2466"}],"wp:term":[{"taxonomy":"region","embeddable":true,"href":"https:\/\/westgem.shop\/fr\/wp-json\/wp\/v2\/region?post=2466"},{"taxonomy":"product_brand","embeddable":true,"href":"https:\/\/westgem.shop\/fr\/wp-json\/wp\/v2\/product_brand?post=2466"},{"taxonomy":"product_cat","embeddable":true,"href":"https:\/\/westgem.shop\/fr\/wp-json\/wp\/v2\/product_cat?post=2466"},{"taxonomy":"product_tag","embeddable":true,"href":"https:\/\/westgem.shop\/fr\/wp-json\/wp\/v2\/product_tag?post=2466"}],"curies":[{"name":"wp","href":"https:\/\/api.w.org\/{rel}","templated":true}]}}