{"id":2467,"date":"2011-08-04T00:00:00","date_gmt":"2011-08-04T00:00:00","guid":{"rendered":"https:\/\/miners.rocks\/product\/topraritaet-huebnerit-xx\/"},"modified":"2024-02-03T07:44:43","modified_gmt":"2024-02-03T07:44:43","slug":"topraritaet-huebnerit-xx","status":"publish","type":"product","link":"https:\/\/westgem.shop\/fr\/produit\/topraritaet-huebnerit-xx\/","title":{"rendered":"TOPRARIT\u00c4T - H\u00dcBNERIT xx"},"content":{"rendered":"<p>L'une des MEILLEURES et des PLUS GRANDES - MARCHES H\u00dcBNERIT que nous ayons jamais vues.<\/p>\n<p><strong><u>H\u00dcBNERIT<\/u> - Nom d'apr\u00e8s un ing\u00e9nieur minier allemand<\/strong><\/p>\n<p><strong>Tr\u00e8s rare <u>WOLFRAM - Min\u00e9ral<\/u> avec la formule chimique : <u>Mn2+WO4<\/u><\/strong><\/p>\n<p>Des cristaux tr\u00e8s gros avec des faces terminales - <u>une HAUTE PERFORMANCE incroyable (ne peut pas \u00eatre repr\u00e9sent\u00e9e de mani\u00e8re r\u00e9elle sur les photos)<\/u> noir, sur les bords et les surfaces <u>rouge intense translucide.<\/u><\/p>\n<p>Ces excellentes marches avaient \u00e9t\u00e9 oubli\u00e9es au fin fond d'un entrep\u00f4t ces derni\u00e8res ann\u00e9es et nous les avons heureusement \"retrouv\u00e9es\".<\/p>\n<p>Vous pouvez parcourir toutes les pages des fournisseurs sur Internet - vous ne trouverez PAS cela !<\/p>\n<p>Nous poss\u00e9dons actuellement 2 niveaux de qualit\u00e9 sup\u00e9rieure et quelques niveaux plus petits avec des cristaux de premier choix de ce min\u00e9ral, ce qui fait que nous sommes probablement les seuls \u00e0 pouvoir proposer de la H\u00dcBNERITE de cette qualit\u00e9 !<\/p>\n<p>Poids de cette \u00e9tape :<strong> <u> 1,6 kilogramme<\/u><\/strong><\/p>\n<p>hauteur : <strong>14 cm Largeur : 10 cm Profondeur : 9 cm<\/strong><\/p>\n<p>Esth\u00e9tiquement beau, noble , rare . Le point fort dans une vitrine de collectionneur .<\/p>\n<p>Les cristaux H\u00dcBNERIT se trouvent dans un cluster de CRISTAL DE MONTAGNE avec de nombreux XX , \u00e9galement avec des faces terminales.<\/p>\n<p>localisation de la trouvaille : Pasto Bueno - D\u00e9partement d'Ancash - PERU<\/p>\n<p>Photos : 1 photo montre le dos des marches - 2 photos avec arri\u00e8re-plan - lumi\u00e8re artificielle le reste lumi\u00e8re du jour normale.<\/p>\n<p>Ces H\u00dcBNERITE ont \u00e9t\u00e9 trouv\u00e9es dans les ann\u00e9es 1970, et depuis, il n'y a plus rien de comparable.<\/p>\n<p>.<\/p>","protected":false},"excerpt":{"rendered":"<p>Un des MEILLEURS et plus GRANDS niveaux de H\u00dcBNERITE que nous ayons jamais vu. H\u00dcBNERIT - nom d'apr\u00e8s un ing\u00e9nieur minier allemand Min\u00e9ral WOLFRAM tr\u00e8s rare avec la formule chimique : Mn2+WO4 Cristaux tr\u00e8s grands avec des faces terminales - incroyable HAUTE BRILLANCE (ne peut pas \u00eatre reproduit r\u00e9ellement sur les photos) noir, translucide sur les bords et les faces rouge intense. [...]<\/p>","protected":false},"featured_media":3379,"template":"","meta":{"_acf_changed":false},"region":[60],"product_brand":[],"product_cat":[22,19],"product_tag":[],"class_list":{"0":"post-2467","1":"product","2":"type-product","3":"status-publish","4":"has-post-thumbnail","6":"region-suedamerika","7":"product_cat-allgemein","8":"product_cat-kristallstufen","10":"first","11":"outofstock","12":"sold-individually","13":"product-type-simple"},"acf":[],"_links":{"self":[{"href":"https:\/\/westgem.shop\/fr\/wp-json\/wp\/v2\/product\/2467","targetHints":{"allow":["GET"]}}],"collection":[{"href":"https:\/\/westgem.shop\/fr\/wp-json\/wp\/v2\/product"}],"about":[{"href":"https:\/\/westgem.shop\/fr\/wp-json\/wp\/v2\/types\/product"}],"wp:featuredmedia":[{"embeddable":true,"href":"https:\/\/westgem.shop\/fr\/wp-json\/wp\/v2\/media\/3379"}],"wp:attachment":[{"href":"https:\/\/westgem.shop\/fr\/wp-json\/wp\/v2\/media?parent=2467"}],"wp:term":[{"taxonomy":"region","embeddable":true,"href":"https:\/\/westgem.shop\/fr\/wp-json\/wp\/v2\/region?post=2467"},{"taxonomy":"product_brand","embeddable":true,"href":"https:\/\/westgem.shop\/fr\/wp-json\/wp\/v2\/product_brand?post=2467"},{"taxonomy":"product_cat","embeddable":true,"href":"https:\/\/westgem.shop\/fr\/wp-json\/wp\/v2\/product_cat?post=2467"},{"taxonomy":"product_tag","embeddable":true,"href":"https:\/\/westgem.shop\/fr\/wp-json\/wp\/v2\/product_tag?post=2467"}],"curies":[{"name":"wp","href":"https:\/\/api.w.org\/{rel}","templated":true}]}}