{"id":2469,"date":"2001-03-06T00:00:00","date_gmt":"2001-03-06T00:00:00","guid":{"rendered":"https:\/\/miners.rocks\/product\/superstufe-pyrit-xx\/"},"modified":"2020-05-19T16:58:42","modified_gmt":"2020-05-19T16:58:42","slug":"super-niveau-pyrite-xx","status":"publish","type":"product","link":"https:\/\/westgem.shop\/fr\/produit\/super-niveau-pyrite-xx\/","title":{"rendered":"SUPERSTUFE - PYRIT xx"},"content":{"rendered":"<p>\n\tC'est le HIGHLIGHT dans une vitrine ou comme DECO sur une \u00e9tag\u00e8re !<\/p>\n<p>\n\t<u>PYRIT Grande \u00e9tape<\/u>  avec des CRISTALES PARFAITES<\/p>\n<p>\n\t Ce magnifique niveau de cristal provient d'une ancienne d\u00e9couverte du <u>c\u00e9l\u00e8bre mine HUANZALA<\/u> (exploitation mini\u00e8re \u00e0 plus de 4000 m\u00e8tres !) dans les ANDES p\u00e9ruviennes.<\/p>\n<p>\n\tDe telles \"marches de mus\u00e9e\" \u00e9taient en vente il y a 20 ans, mais on n'en voit plus AUCUNE aujourd'hui.<\/p>\n<p>\n\t<u>Attention : les niveaux de cette qualit\u00e9 sont soumis \u00e0 une EVALUATION constante.<\/u> .<\/p>\n<p>\n\tpoids :<u>  7,9 kilogrammes<\/u> Dim:23 x 15 x 15 cm<\/p>\n<p>\n\txx jusqu'\u00e0 plus de 3 cm de c\u00f4t\u00e9, avec les rainures typiques de la cire.<\/p>\n<p>\n\t  La marche est encore plus spectaculaire en NATURE que sur les photos, en particulier la brillance des cristaux qui ne peut malheureusement pas \u00eatre rendue en vrai. Il y a aussi beaucoup de petits cristaux de PYRITE tr\u00e8s bien form\u00e9s sur la face inf\u00e9rieure.<\/p><\/p>","protected":false},"excerpt":{"rendered":"<p>C'est le HIGHLIGHT dans une vitrine ou comme DECO sur une \u00e9tag\u00e8re ! PYRITE Grande marche en CRISTAL PARFAIT Cette magnifique marche en cristal provient d'une ancienne d\u00e9couverte de la c\u00e9l\u00e8bre mine HUANZALA (exploitation mini\u00e8re \u00e0 plus de 4.000 m\u00e8tres !) dans les ANDES p\u00e9ruviennes. De tels \"marches de mus\u00e9e\" \u00e9taient en vente il y a 20 ans, mais on n'en voit PLUS aujourd'hui. [...]<\/p>","protected":false},"featured_media":3386,"template":"","meta":{"_acf_changed":false},"region":[],"product_brand":[],"product_cat":[15],"product_tag":[],"class_list":{"0":"post-2469","1":"product","2":"type-product","3":"status-publish","4":"has-post-thumbnail","6":"product_cat-mineralien","8":"first","9":"outofstock","10":"sold-individually","11":"product-type-simple"},"acf":[],"_links":{"self":[{"href":"https:\/\/westgem.shop\/fr\/wp-json\/wp\/v2\/product\/2469","targetHints":{"allow":["GET"]}}],"collection":[{"href":"https:\/\/westgem.shop\/fr\/wp-json\/wp\/v2\/product"}],"about":[{"href":"https:\/\/westgem.shop\/fr\/wp-json\/wp\/v2\/types\/product"}],"wp:featuredmedia":[{"embeddable":true,"href":"https:\/\/westgem.shop\/fr\/wp-json\/wp\/v2\/media\/3386"}],"wp:attachment":[{"href":"https:\/\/westgem.shop\/fr\/wp-json\/wp\/v2\/media?parent=2469"}],"wp:term":[{"taxonomy":"region","embeddable":true,"href":"https:\/\/westgem.shop\/fr\/wp-json\/wp\/v2\/region?post=2469"},{"taxonomy":"product_brand","embeddable":true,"href":"https:\/\/westgem.shop\/fr\/wp-json\/wp\/v2\/product_brand?post=2469"},{"taxonomy":"product_cat","embeddable":true,"href":"https:\/\/westgem.shop\/fr\/wp-json\/wp\/v2\/product_cat?post=2469"},{"taxonomy":"product_tag","embeddable":true,"href":"https:\/\/westgem.shop\/fr\/wp-json\/wp\/v2\/product_tag?post=2469"}],"curies":[{"name":"wp","href":"https:\/\/api.w.org\/{rel}","templated":true}]}}