{"id":2470,"date":"2020-02-07T00:00:00","date_gmt":"2020-02-07T00:00:00","guid":{"rendered":"https:\/\/miners.rocks\/product\/mangano-calcit-xx-mit-pyrit-xx\/"},"modified":"2024-02-03T07:50:25","modified_gmt":"2024-02-03T07:50:25","slug":"mangano-calcite-xx-avec-pyrite-xx","status":"publish","type":"product","link":"https:\/\/westgem.shop\/fr\/produit\/mangano-calcite-xx-avec-pyrite-xx\/","title":{"rendered":"Mangano CALCIT xx avec PYRIT xx"},"content":{"rendered":"<p><strong>Grande marche spectaculaire - Superbe d\u00e9coration<\/strong><\/p>\n<p>Grand<strong> MANGANO CALCITE<\/strong> avec des surfaces terminales \u00e0 ar\u00eates vives et une sensationnelle \" couronne \" d'innombrables<strong>Le tout est orn\u00e9 de cristaux PYRIT ultra-brillants.<\/strong> Des PYRITE sont \u00e9galement r\u00e9partis sur et au-dessus de la face arri\u00e8re.<\/p>\n<p>Nous devons malheureusement nous r\u00e9p\u00e9ter, mais de tels niveaux de min\u00e9raux de grande taille ne sont pratiquement plus disponibles sur le march\u00e9 aujourd'hui. Ce niveau provient \u00e9galement d'une ancienne d\u00e9couverte datant de 1977.<\/p>\n<p>La valeur de ce niveau est nettement plus \u00e9lev\u00e9e, mais nous faisons profiter nos clients de nos prix d'achat vraiment int\u00e9ressants. Dans l'Eldorado des collectionneurs de min\u00e9raux aux Etats-Unis, un tel niveau ne peut pas \u00eatre achet\u00e9 \u00e0 moins de 2.000,- dollars.<\/p>\n<p>Pachapaqui - D\u00e9partement d'Ancash - PERU<\/p>\n<p>poids :<u> 6,9 kilogrammes <\/u><\/p>\n<p><u>Dimensions :<\/u><\/p>\n<p><u>27 x 20 x 14 cm<\/u><\/p>\n<p>L'image 4 est la face arri\u00e8re. Sur la face inf\u00e9rieure, il y a beaucoup de petits cristaux de roche xx<\/p>\n<p>Des couleurs intenses sous la lumi\u00e8re UV chez MANGANO CALCIT !<\/p>","protected":false},"excerpt":{"rendered":"<p>Grande marche spectaculaire - Superbe d\u00e9coration Grande MANGANO CALCITE avec des surfaces terminales aux ar\u00eates vives et une sensationnelle \"couronne\" compos\u00e9e d'innombrables cristaux PYRIT tr\u00e8s brillants. Des PYRITES sont \u00e9galement r\u00e9parties sur toute la face arri\u00e8re. Nous devons malheureusement nous r\u00e9p\u00e9ter, mais de tels grands niveaux min\u00e9raux ne sont pratiquement plus disponibles sur le march\u00e9 aujourd'hui. Ce niveau provient \u00e9galement de [...].<\/p>","protected":false},"featured_media":3391,"template":"","meta":{"_acf_changed":false},"region":[],"product_brand":[],"product_cat":[22,19],"product_tag":[],"class_list":{"0":"post-2470","1":"product","2":"type-product","3":"status-publish","4":"has-post-thumbnail","6":"product_cat-allgemein","7":"product_cat-kristallstufen","9":"first","10":"outofstock","11":"sold-individually","12":"product-type-simple"},"acf":[],"_links":{"self":[{"href":"https:\/\/westgem.shop\/fr\/wp-json\/wp\/v2\/product\/2470","targetHints":{"allow":["GET"]}}],"collection":[{"href":"https:\/\/westgem.shop\/fr\/wp-json\/wp\/v2\/product"}],"about":[{"href":"https:\/\/westgem.shop\/fr\/wp-json\/wp\/v2\/types\/product"}],"wp:featuredmedia":[{"embeddable":true,"href":"https:\/\/westgem.shop\/fr\/wp-json\/wp\/v2\/media\/3391"}],"wp:attachment":[{"href":"https:\/\/westgem.shop\/fr\/wp-json\/wp\/v2\/media?parent=2470"}],"wp:term":[{"taxonomy":"region","embeddable":true,"href":"https:\/\/westgem.shop\/fr\/wp-json\/wp\/v2\/region?post=2470"},{"taxonomy":"product_brand","embeddable":true,"href":"https:\/\/westgem.shop\/fr\/wp-json\/wp\/v2\/product_brand?post=2470"},{"taxonomy":"product_cat","embeddable":true,"href":"https:\/\/westgem.shop\/fr\/wp-json\/wp\/v2\/product_cat?post=2470"},{"taxonomy":"product_tag","embeddable":true,"href":"https:\/\/westgem.shop\/fr\/wp-json\/wp\/v2\/product_tag?post=2470"}],"curies":[{"name":"wp","href":"https:\/\/api.w.org\/{rel}","templated":true}]}}