{"id":2471,"date":"2001-03-08T00:00:00","date_gmt":"2001-03-08T00:00:00","guid":{"rendered":"https:\/\/miners.rocks\/product\/ozean-jaspis-poliert\/"},"modified":"2020-05-19T16:58:43","modified_gmt":"2020-05-19T16:58:43","slug":"jaspe-docean-poli","status":"publish","type":"product","link":"https:\/\/westgem.shop\/fr\/produit\/jaspe-docean-poli\/","title":{"rendered":"Ocean Jaspis - Polie"},"content":{"rendered":"<p>Le gisement de jaspe oc\u00e9anique est exploit\u00e9. On trouve encore suffisamment de mat\u00e9riau sur le march\u00e9, mais il provient de la p\u00e9riph\u00e9rie du site, et la qualit\u00e9 qui \u00e9tait propos\u00e9e \u00e0 l'origine en tant que jaspe oc\u00e9anique n'est plus assur\u00e9e,<\/p>\n<p>Les belles SPH\u00c9ROLITES sont typiques du \"VRAI\" jaspe oc\u00e9anique, et ces pi\u00e8ces sont d\u00e9j\u00e0 devenues tr\u00e8s rares.<\/p>\n<p>Oc\u00e9an Jaspis - FREESCHLIFF polie de premi\u00e8re qualit\u00e9 sur toutes les faces .<\/p>\n<p>Poids : 470 g Dimensions : 9 x 7 x 6 cm<\/p>\n<p>Les photos montrent la pierre sous diff\u00e9rents angles, des cristaux de mono quartz sont visibles dans les petites cavit\u00e9s naturelles.<\/p>","protected":false},"excerpt":{"rendered":"<p>Le gisement de jaspe oc\u00e9anique est exploit\u00e9. Sur le march\u00e9, il y a encore suffisamment de mat\u00e9riel, mais provenant des r\u00e9gions p\u00e9riph\u00e9riques du site, la qualit\u00e9 qui \u00e9tait propos\u00e9e \u00e0 l'origine comme jaspe d'Oc\u00e9an n'est plus donn\u00e9e, les belles SPH\u00c9ROLITES sont typiques du \"VRAI\" jaspe d'Oc\u00e9an et ces pi\u00e8ces sont d\u00e9j\u00e0 devenues tr\u00e8s rares. Jaspe oc\u00e9anique [...]<\/p>","protected":false},"featured_media":3395,"template":"","meta":{"_acf_changed":false},"region":[],"product_brand":[],"product_cat":[15],"product_tag":[],"class_list":{"0":"post-2471","1":"product","2":"type-product","3":"status-publish","4":"has-post-thumbnail","6":"product_cat-mineralien","8":"first","9":"outofstock","10":"sold-individually","11":"product-type-simple"},"acf":[],"_links":{"self":[{"href":"https:\/\/westgem.shop\/fr\/wp-json\/wp\/v2\/product\/2471","targetHints":{"allow":["GET"]}}],"collection":[{"href":"https:\/\/westgem.shop\/fr\/wp-json\/wp\/v2\/product"}],"about":[{"href":"https:\/\/westgem.shop\/fr\/wp-json\/wp\/v2\/types\/product"}],"wp:featuredmedia":[{"embeddable":true,"href":"https:\/\/westgem.shop\/fr\/wp-json\/wp\/v2\/media\/3395"}],"wp:attachment":[{"href":"https:\/\/westgem.shop\/fr\/wp-json\/wp\/v2\/media?parent=2471"}],"wp:term":[{"taxonomy":"region","embeddable":true,"href":"https:\/\/westgem.shop\/fr\/wp-json\/wp\/v2\/region?post=2471"},{"taxonomy":"product_brand","embeddable":true,"href":"https:\/\/westgem.shop\/fr\/wp-json\/wp\/v2\/product_brand?post=2471"},{"taxonomy":"product_cat","embeddable":true,"href":"https:\/\/westgem.shop\/fr\/wp-json\/wp\/v2\/product_cat?post=2471"},{"taxonomy":"product_tag","embeddable":true,"href":"https:\/\/westgem.shop\/fr\/wp-json\/wp\/v2\/product_tag?post=2471"}],"curies":[{"name":"wp","href":"https:\/\/api.w.org\/{rel}","templated":true}]}}