{"id":2472,"date":"2001-03-09T00:00:00","date_gmt":"2001-03-09T00:00:00","guid":{"rendered":"https:\/\/miners.rocks\/product\/ozean-jaspis-1a\/"},"modified":"2020-05-19T16:58:44","modified_gmt":"2020-05-19T16:58:44","slug":"jaspe-docean-1a","status":"publish","type":"product","link":"https:\/\/westgem.shop\/fr\/produit\/jaspe-docean-1a\/","title":{"rendered":"Jaspe oc\u00e9anique - 1A"},"content":{"rendered":"<p><u>Jaspe oc\u00e9anique<\/u> Taille Freeform - polie de tous c\u00f4t\u00e9s Qualit\u00e9 sup\u00e9rieure .<\/p>\n<p>Description d\u00e9taill\u00e9e pour DS - 067<\/p>\n<p>Poids : 520 g Dimensions : 11 x 10 x 5 cm<\/p>","protected":false},"excerpt":{"rendered":"<p>Ocean Jaspis Freeform Cut - polie de tous c\u00f4t\u00e9s Top qualit\u00e9 . Description d\u00e9taill\u00e9e chez DS - 067 Poids : 520 g Dimensions : 11 x 10 x 5 cm<\/p>","protected":false},"featured_media":3399,"template":"","meta":{"_acf_changed":false},"region":[],"product_brand":[],"product_cat":[15],"product_tag":[],"class_list":{"0":"post-2472","1":"product","2":"type-product","3":"status-publish","4":"has-post-thumbnail","6":"product_cat-mineralien","8":"first","9":"outofstock","10":"sold-individually","11":"product-type-simple"},"acf":[],"_links":{"self":[{"href":"https:\/\/westgem.shop\/fr\/wp-json\/wp\/v2\/product\/2472","targetHints":{"allow":["GET"]}}],"collection":[{"href":"https:\/\/westgem.shop\/fr\/wp-json\/wp\/v2\/product"}],"about":[{"href":"https:\/\/westgem.shop\/fr\/wp-json\/wp\/v2\/types\/product"}],"wp:featuredmedia":[{"embeddable":true,"href":"https:\/\/westgem.shop\/fr\/wp-json\/wp\/v2\/media\/3399"}],"wp:attachment":[{"href":"https:\/\/westgem.shop\/fr\/wp-json\/wp\/v2\/media?parent=2472"}],"wp:term":[{"taxonomy":"region","embeddable":true,"href":"https:\/\/westgem.shop\/fr\/wp-json\/wp\/v2\/region?post=2472"},{"taxonomy":"product_brand","embeddable":true,"href":"https:\/\/westgem.shop\/fr\/wp-json\/wp\/v2\/product_brand?post=2472"},{"taxonomy":"product_cat","embeddable":true,"href":"https:\/\/westgem.shop\/fr\/wp-json\/wp\/v2\/product_cat?post=2472"},{"taxonomy":"product_tag","embeddable":true,"href":"https:\/\/westgem.shop\/fr\/wp-json\/wp\/v2\/product_tag?post=2472"}],"curies":[{"name":"wp","href":"https:\/\/api.w.org\/{rel}","templated":true}]}}