{"id":2473,"date":"2011-05-10T00:00:00","date_gmt":"2011-05-10T00:00:00","guid":{"rendered":"https:\/\/miners.rocks\/product\/huebnerit-xx-spitzenmineralstufe\/"},"modified":"2024-02-03T07:51:32","modified_gmt":"2024-02-03T07:51:32","slug":"huebnerit-xx-niveau-mineral-de-pointe","status":"publish","type":"product","link":"https:\/\/westgem.shop\/fr\/produit\/huebnerit-xx-niveau-mineral-de-pointe\/","title":{"rendered":"H\u00dcBNERIT xx - Niveau min\u00e9ral de pointe"},"content":{"rendered":"<p>&nbsp;<\/p>\n<p>H\u00fcBNERIT est un <u>rare WOLFRAM MINERAL<\/u> et dans cette taille et cette qualit\u00e9, c'est une TOPRARIT\u00c9 - nous n'avons pas encore vu de pi\u00e8ces comparables.<\/p>\n<p>Les collectionneurs qui recherchent des pi\u00e8ces exceptionnelles devraient envisager de les acheter - de telles excellentes HUBNERIT STUFEN - ne sont normalement PAS disponibles \u00e0 moins de 3.000 euros, voire pas du tout.<\/p>\n<p><strong>Aspect magnifique avec une brillance incroyable - surfaces finales non endommag\u00e9es, les cristaux H\u00fcBNERIT sont pr\u00e9sents sur les bords et les surfaces translucides. <u>ROUGE INTENSIF !<\/u><\/strong><\/p>\n<p>Les clusters de cristaux H\u00fcBNERIT sont associ\u00e9s \u00e0 des CRISTALLES DE MONTAGNE clairs.<\/p>\n<p>Rare - noble - parfait Ceux qui peuvent se le permettre devraient acheter, ces marches valent beaucoup plus dans quelques ann\u00e9es !<\/p>\n<p>localisation de la trouvaille : Pachapaqui - Pasta Bueno - Ancash - Andes - P\u00e9rou<\/p>\n<p><u>1,4 kilogramme de poids .<\/u><\/p>\n<p><u>:<\/u> Hauteur : 13 cm Largeur : 11 cm<\/p>","protected":false},"excerpt":{"rendered":"<p>&nbsp; La H\u00fcBNERIT est un min\u00e9ral WOLFRAM rare et, dans cette taille et cette qualit\u00e9, une TOPRARIT\u00c9 - nous n'avons encore jamais vu de pi\u00e8ces comparables. Les collectionneurs qui recherchent des pi\u00e8ces exceptionnelles devraient envisager de les acheter - de tels SUPPORTS EXCELLENTS en H\u00fcBNERITE - ne sont normalement PAS disponibles \u00e0 moins de 3.000 euros, voire pas du tout. Un aspect magnifique avec un brillant incroyable - [...].<\/p>","protected":false},"featured_media":3403,"template":"","meta":{"_acf_changed":false},"region":[60],"product_brand":[],"product_cat":[19],"product_tag":[],"class_list":{"0":"post-2473","1":"product","2":"type-product","3":"status-publish","4":"has-post-thumbnail","6":"region-suedamerika","7":"product_cat-kristallstufen","9":"first","10":"outofstock","11":"sold-individually","12":"product-type-simple"},"acf":[],"_links":{"self":[{"href":"https:\/\/westgem.shop\/fr\/wp-json\/wp\/v2\/product\/2473","targetHints":{"allow":["GET"]}}],"collection":[{"href":"https:\/\/westgem.shop\/fr\/wp-json\/wp\/v2\/product"}],"about":[{"href":"https:\/\/westgem.shop\/fr\/wp-json\/wp\/v2\/types\/product"}],"wp:featuredmedia":[{"embeddable":true,"href":"https:\/\/westgem.shop\/fr\/wp-json\/wp\/v2\/media\/3403"}],"wp:attachment":[{"href":"https:\/\/westgem.shop\/fr\/wp-json\/wp\/v2\/media?parent=2473"}],"wp:term":[{"taxonomy":"region","embeddable":true,"href":"https:\/\/westgem.shop\/fr\/wp-json\/wp\/v2\/region?post=2473"},{"taxonomy":"product_brand","embeddable":true,"href":"https:\/\/westgem.shop\/fr\/wp-json\/wp\/v2\/product_brand?post=2473"},{"taxonomy":"product_cat","embeddable":true,"href":"https:\/\/westgem.shop\/fr\/wp-json\/wp\/v2\/product_cat?post=2473"},{"taxonomy":"product_tag","embeddable":true,"href":"https:\/\/westgem.shop\/fr\/wp-json\/wp\/v2\/product_tag?post=2473"}],"curies":[{"name":"wp","href":"https:\/\/api.w.org\/{rel}","templated":true}]}}