{"id":2475,"date":"2001-03-12T00:00:00","date_gmt":"2001-03-12T00:00:00","guid":{"rendered":"https:\/\/miners.rocks\/product\/top-malachit-poliert\/"},"modified":"2020-05-19T16:58:46","modified_gmt":"2020-05-19T16:58:46","slug":"top-malachite-poli","status":"publish","type":"product","link":"https:\/\/westgem.shop\/fr\/produit\/top-malachite-poli\/","title":{"rendered":"Top Malachite - Polie"},"content":{"rendered":"<p>Des mines de cuivre du Congo.<\/p>\n<p>Pi\u00e8ces de malachite de premi\u00e8re qualit\u00e9 avec un magnifique changement clair\/fonc\u00e9.<\/p>\n<p>Mine de Ruashi - Lubumbashi - Congo<\/p>\n<p>Poids : 170 g Dimensions : 8,5 x 5,5 x 2 cm<\/p>","protected":false},"excerpt":{"rendered":"<p>En provenance des mines de cuivre du Congo. Pi\u00e8ces de malachite de premi\u00e8re qualit\u00e9 avec de magnifiques tons clairs\/fonc\u00e9s. Mine de Ruashi - Lubumbashi - Congo Poids : 170 g Dimensions : 8,5 x 5,5 x 2 cm<\/p>","protected":false},"featured_media":3413,"template":"","meta":{"_acf_changed":false},"region":[],"product_brand":[],"product_cat":[15],"product_tag":[],"class_list":{"0":"post-2475","1":"product","2":"type-product","3":"status-publish","4":"has-post-thumbnail","6":"product_cat-mineralien","8":"first","9":"outofstock","10":"sold-individually","11":"product-type-simple"},"acf":[],"_links":{"self":[{"href":"https:\/\/westgem.shop\/fr\/wp-json\/wp\/v2\/product\/2475","targetHints":{"allow":["GET"]}}],"collection":[{"href":"https:\/\/westgem.shop\/fr\/wp-json\/wp\/v2\/product"}],"about":[{"href":"https:\/\/westgem.shop\/fr\/wp-json\/wp\/v2\/types\/product"}],"wp:featuredmedia":[{"embeddable":true,"href":"https:\/\/westgem.shop\/fr\/wp-json\/wp\/v2\/media\/3413"}],"wp:attachment":[{"href":"https:\/\/westgem.shop\/fr\/wp-json\/wp\/v2\/media?parent=2475"}],"wp:term":[{"taxonomy":"region","embeddable":true,"href":"https:\/\/westgem.shop\/fr\/wp-json\/wp\/v2\/region?post=2475"},{"taxonomy":"product_brand","embeddable":true,"href":"https:\/\/westgem.shop\/fr\/wp-json\/wp\/v2\/product_brand?post=2475"},{"taxonomy":"product_cat","embeddable":true,"href":"https:\/\/westgem.shop\/fr\/wp-json\/wp\/v2\/product_cat?post=2475"},{"taxonomy":"product_tag","embeddable":true,"href":"https:\/\/westgem.shop\/fr\/wp-json\/wp\/v2\/product_tag?post=2475"}],"curies":[{"name":"wp","href":"https:\/\/api.w.org\/{rel}","templated":true}]}}