{"id":2476,"date":"2001-03-13T00:00:00","date_gmt":"2001-03-13T00:00:00","guid":{"rendered":"https:\/\/miners.rocks\/product\/malachit-aa-poliert-3\/"},"modified":"2020-05-19T16:58:46","modified_gmt":"2020-05-19T16:58:46","slug":"malachite-aa-polie-3","status":"publish","type":"product","link":"https:\/\/westgem.shop\/fr\/produit\/malachite-aa-polie-3\/","title":{"rendered":"Malachite AA - Polie"},"content":{"rendered":"<p>Tr\u00e8s belle malachite \u00e0 bandes claires et sombres - polie de premi\u00e8re qualit\u00e9<\/p>\n<p>Mine de Ruashi - Lubumbasi - Congo<\/p>\n<p>Poids : 250 g Dimensions : 9 x 8,5 x 2,5 cm<\/p>","protected":false},"excerpt":{"rendered":"<p>Tr\u00e8s belle malachite \u00e0 bandes claires et sombres - polie de premi\u00e8re qualit\u00e9 Mine de Ruashi - Lubumbasi - Congo Poids : 250 g Dimensions : 9 x 8,5 x 2,5 cm<\/p>","protected":false},"featured_media":3416,"template":"","meta":{"_acf_changed":false},"region":[],"product_brand":[],"product_cat":[15],"product_tag":[],"class_list":{"0":"post-2476","1":"product","2":"type-product","3":"status-publish","4":"has-post-thumbnail","6":"product_cat-mineralien","8":"first","9":"outofstock","10":"sold-individually","11":"product-type-simple"},"acf":[],"_links":{"self":[{"href":"https:\/\/westgem.shop\/fr\/wp-json\/wp\/v2\/product\/2476","targetHints":{"allow":["GET"]}}],"collection":[{"href":"https:\/\/westgem.shop\/fr\/wp-json\/wp\/v2\/product"}],"about":[{"href":"https:\/\/westgem.shop\/fr\/wp-json\/wp\/v2\/types\/product"}],"wp:featuredmedia":[{"embeddable":true,"href":"https:\/\/westgem.shop\/fr\/wp-json\/wp\/v2\/media\/3416"}],"wp:attachment":[{"href":"https:\/\/westgem.shop\/fr\/wp-json\/wp\/v2\/media?parent=2476"}],"wp:term":[{"taxonomy":"region","embeddable":true,"href":"https:\/\/westgem.shop\/fr\/wp-json\/wp\/v2\/region?post=2476"},{"taxonomy":"product_brand","embeddable":true,"href":"https:\/\/westgem.shop\/fr\/wp-json\/wp\/v2\/product_brand?post=2476"},{"taxonomy":"product_cat","embeddable":true,"href":"https:\/\/westgem.shop\/fr\/wp-json\/wp\/v2\/product_cat?post=2476"},{"taxonomy":"product_tag","embeddable":true,"href":"https:\/\/westgem.shop\/fr\/wp-json\/wp\/v2\/product_tag?post=2476"}],"curies":[{"name":"wp","href":"https:\/\/api.w.org\/{rel}","templated":true}]}}