{"id":2477,"date":"2001-03-14T00:00:00","date_gmt":"2001-03-14T00:00:00","guid":{"rendered":"https:\/\/miners.rocks\/product\/kugel-versteinertes-holz\/"},"modified":"2020-05-19T16:58:47","modified_gmt":"2020-05-19T16:58:47","slug":"boule-de-bois-petrifie","status":"publish","type":"product","link":"https:\/\/westgem.shop\/fr\/produit\/boule-de-bois-petrifie\/","title":{"rendered":"Boule - Bois p\u00e9trifi\u00e9"},"content":{"rendered":"<p>Boule attractive - perf.taill\u00e9e et polie .<\/p>\n<p>BOIS P\u00e9trifi\u00e9 - Araucaria - environ 100 millions d'ann\u00e9es<\/p>\n<p>Mt. Bity - Vall\u00e9e de Manando - Madagascar<\/p>\n<p>Poids : 330 g Diam\u00e8tre 6,5 cm<\/p>","protected":false},"excerpt":{"rendered":"<p>Boule attractive - perf.taill\u00e9e et polie . BOIS P\u00e9trifi\u00e9 - Araucaria - env. 100 millions d'ann\u00e9es Mt. Bity - Vall\u00e9e de Manando - Madagascar Poids : 330 g Diam\u00e8tre 6,5 cm<\/p>","protected":false},"featured_media":3419,"template":"","meta":{"_acf_changed":false},"region":[],"product_brand":[],"product_cat":[15],"product_tag":[],"class_list":{"0":"post-2477","1":"product","2":"type-product","3":"status-publish","4":"has-post-thumbnail","6":"product_cat-mineralien","8":"first","9":"outofstock","10":"sold-individually","11":"product-type-simple"},"acf":[],"_links":{"self":[{"href":"https:\/\/westgem.shop\/fr\/wp-json\/wp\/v2\/product\/2477","targetHints":{"allow":["GET"]}}],"collection":[{"href":"https:\/\/westgem.shop\/fr\/wp-json\/wp\/v2\/product"}],"about":[{"href":"https:\/\/westgem.shop\/fr\/wp-json\/wp\/v2\/types\/product"}],"wp:featuredmedia":[{"embeddable":true,"href":"https:\/\/westgem.shop\/fr\/wp-json\/wp\/v2\/media\/3419"}],"wp:attachment":[{"href":"https:\/\/westgem.shop\/fr\/wp-json\/wp\/v2\/media?parent=2477"}],"wp:term":[{"taxonomy":"region","embeddable":true,"href":"https:\/\/westgem.shop\/fr\/wp-json\/wp\/v2\/region?post=2477"},{"taxonomy":"product_brand","embeddable":true,"href":"https:\/\/westgem.shop\/fr\/wp-json\/wp\/v2\/product_brand?post=2477"},{"taxonomy":"product_cat","embeddable":true,"href":"https:\/\/westgem.shop\/fr\/wp-json\/wp\/v2\/product_cat?post=2477"},{"taxonomy":"product_tag","embeddable":true,"href":"https:\/\/westgem.shop\/fr\/wp-json\/wp\/v2\/product_tag?post=2477"}],"curies":[{"name":"wp","href":"https:\/\/api.w.org\/{rel}","templated":true}]}}