{"id":2478,"date":"2001-03-15T00:00:00","date_gmt":"2001-03-15T00:00:00","guid":{"rendered":"https:\/\/miners.rocks\/product\/hangeschl-kugel-verst-holz\/"},"modified":"2020-05-19T16:58:47","modified_gmt":"2020-05-19T16:58:47","slug":"boule-de-suspension-renforcee-bois","status":"publish","type":"product","link":"https:\/\/westgem.shop\/fr\/produit\/boule-de-suspension-renforcee-bois\/","title":{"rendered":"boule suspendue - VERST.HOLZ"},"content":{"rendered":"<p>Boule taill\u00e9e et polie de premi\u00e8re qualit\u00e9 provenant d'un araucaria vieux de 100 millions d'ann\u00e9es - BOIS PERFORM\u00c9<\/p>\n<p>localisation de la trouvaille : Mount Bity - Vall\u00e9e de Manando - Madagascar<\/p>\n<p>Poids : 400 g Diam\u00e8tre <u>7 cm<\/u><\/p>","protected":false},"excerpt":{"rendered":"<p>Boule taill\u00e9e et polie de premi\u00e8re qualit\u00e9 provenant d'un araucaria vieux de 100 millions d'ann\u00e9es - BOIS PIERRE Lieu de d\u00e9couverte de la mati\u00e8re premi\u00e8re : Mont Bity - Vall\u00e9e de Manando - Madagascar Poids : 400 g Diam\u00e8tre : 7 cm<\/p>","protected":false},"featured_media":3421,"template":"","meta":{"_acf_changed":false},"region":[],"product_brand":[],"product_cat":[15],"product_tag":[],"class_list":{"0":"post-2478","1":"product","2":"type-product","3":"status-publish","4":"has-post-thumbnail","6":"product_cat-mineralien","8":"first","9":"outofstock","10":"sold-individually","11":"product-type-simple"},"acf":[],"_links":{"self":[{"href":"https:\/\/westgem.shop\/fr\/wp-json\/wp\/v2\/product\/2478","targetHints":{"allow":["GET"]}}],"collection":[{"href":"https:\/\/westgem.shop\/fr\/wp-json\/wp\/v2\/product"}],"about":[{"href":"https:\/\/westgem.shop\/fr\/wp-json\/wp\/v2\/types\/product"}],"wp:featuredmedia":[{"embeddable":true,"href":"https:\/\/westgem.shop\/fr\/wp-json\/wp\/v2\/media\/3421"}],"wp:attachment":[{"href":"https:\/\/westgem.shop\/fr\/wp-json\/wp\/v2\/media?parent=2478"}],"wp:term":[{"taxonomy":"region","embeddable":true,"href":"https:\/\/westgem.shop\/fr\/wp-json\/wp\/v2\/region?post=2478"},{"taxonomy":"product_brand","embeddable":true,"href":"https:\/\/westgem.shop\/fr\/wp-json\/wp\/v2\/product_brand?post=2478"},{"taxonomy":"product_cat","embeddable":true,"href":"https:\/\/westgem.shop\/fr\/wp-json\/wp\/v2\/product_cat?post=2478"},{"taxonomy":"product_tag","embeddable":true,"href":"https:\/\/westgem.shop\/fr\/wp-json\/wp\/v2\/product_tag?post=2478"}],"curies":[{"name":"wp","href":"https:\/\/api.w.org\/{rel}","templated":true}]}}