{"id":2479,"date":"2001-03-16T00:00:00","date_gmt":"2001-03-16T00:00:00","guid":{"rendered":"https:\/\/miners.rocks\/product\/kugel-aus-versteinerten-holz\/"},"modified":"2020-05-19T16:58:48","modified_gmt":"2020-05-19T16:58:48","slug":"boule-en-bois-petrifie","status":"publish","type":"product","link":"https:\/\/westgem.shop\/fr\/produit\/boule-en-bois-petrifie\/","title":{"rendered":"BOULE en BOIS PIERRE"},"content":{"rendered":"<p>Taill\u00e9 \u00e0 la main et poli de premi\u00e8re qualit\u00e9 - avec de petites ACHATS bien visibles !<\/p>\n<p>Boule en BOIS PERFOR\u00c9 - plus de 100 millions d'ann\u00e9es<\/p>\n<p>Mont Bity - Vall\u00e9e de Manando<\/p>\n<p>Madagascar<\/p>\n<p>Support de boule en plexiglas GRATUIT !<\/p>\n<p>Poids : 440 g : Boule - diam\u00e8tre<u> 7,5 cm<\/u><\/p>","protected":false},"excerpt":{"rendered":"<p>Taill\u00e9e \u00e0 la main et polie de premi\u00e8re qualit\u00e9 - avec de petites ACHATS bien visibles ! Boule en BOIS PERFOR\u00c9 - plus de 100 millions d'ann\u00e9es Mount Bity - Vall\u00e9e de Manando Madagascar Support de boule en plexiglas GRATUIT ! Poids : 440 g : Boule - diam\u00e8tre 7,5 cm<\/p>","protected":false},"featured_media":3424,"template":"","meta":{"_acf_changed":false},"region":[],"product_brand":[],"product_cat":[15],"product_tag":[],"class_list":{"0":"post-2479","1":"product","2":"type-product","3":"status-publish","4":"has-post-thumbnail","6":"product_cat-mineralien","8":"first","9":"outofstock","10":"sold-individually","11":"product-type-simple"},"acf":[],"_links":{"self":[{"href":"https:\/\/westgem.shop\/fr\/wp-json\/wp\/v2\/product\/2479","targetHints":{"allow":["GET"]}}],"collection":[{"href":"https:\/\/westgem.shop\/fr\/wp-json\/wp\/v2\/product"}],"about":[{"href":"https:\/\/westgem.shop\/fr\/wp-json\/wp\/v2\/types\/product"}],"wp:featuredmedia":[{"embeddable":true,"href":"https:\/\/westgem.shop\/fr\/wp-json\/wp\/v2\/media\/3424"}],"wp:attachment":[{"href":"https:\/\/westgem.shop\/fr\/wp-json\/wp\/v2\/media?parent=2479"}],"wp:term":[{"taxonomy":"region","embeddable":true,"href":"https:\/\/westgem.shop\/fr\/wp-json\/wp\/v2\/region?post=2479"},{"taxonomy":"product_brand","embeddable":true,"href":"https:\/\/westgem.shop\/fr\/wp-json\/wp\/v2\/product_brand?post=2479"},{"taxonomy":"product_cat","embeddable":true,"href":"https:\/\/westgem.shop\/fr\/wp-json\/wp\/v2\/product_cat?post=2479"},{"taxonomy":"product_tag","embeddable":true,"href":"https:\/\/westgem.shop\/fr\/wp-json\/wp\/v2\/product_tag?post=2479"}],"curies":[{"name":"wp","href":"https:\/\/api.w.org\/{rel}","templated":true}]}}