{"id":2480,"date":"2001-03-17T00:00:00","date_gmt":"2001-03-17T00:00:00","guid":{"rendered":"https:\/\/miners.rocks\/product\/bergkristall-aa-doppelender\/"},"modified":"2020-05-19T16:58:49","modified_gmt":"2020-05-19T16:58:49","slug":"cristal-de-roche-aa-double-emetteur","status":"publish","type":"product","link":"https:\/\/westgem.shop\/fr\/produit\/cristal-de-roche-aa-double-emetteur\/","title":{"rendered":"BERGKRISTALL AA - double \u00e9metteur"},"content":{"rendered":"<p>Tr\u00e8s clair et brillant.<\/p>\n<p>Double extr\u00e9mit\u00e9 taill\u00e9e et polie - CRISTAL DE MONTAGNE de Madagascar qualit\u00e9 AA .<\/p>\n<p>Province d'Antananarivo - Madagascar<\/p>\n<p>Poids : 140 g Dimensions : 10 x 4 x 3 cm<\/p>","protected":false},"excerpt":{"rendered":"<p>Tr\u00e8s clair et brillant. Double extr\u00e9mit\u00e9 taill\u00e9e et polie - Madagascar CRISTAL DE MONTAGNE qualit\u00e9 AA . Province d'Antananarivo - Madagascar Poids : 140 g Dimensions : 10 x 4 x 3 cm<\/p>","protected":false},"featured_media":3427,"template":"","meta":{"_acf_changed":false},"region":[],"product_brand":[],"product_cat":[15],"product_tag":[],"class_list":{"0":"post-2480","1":"product","2":"type-product","3":"status-publish","4":"has-post-thumbnail","6":"product_cat-mineralien","8":"first","9":"outofstock","10":"sold-individually","11":"product-type-simple"},"acf":[],"_links":{"self":[{"href":"https:\/\/westgem.shop\/fr\/wp-json\/wp\/v2\/product\/2480","targetHints":{"allow":["GET"]}}],"collection":[{"href":"https:\/\/westgem.shop\/fr\/wp-json\/wp\/v2\/product"}],"about":[{"href":"https:\/\/westgem.shop\/fr\/wp-json\/wp\/v2\/types\/product"}],"wp:featuredmedia":[{"embeddable":true,"href":"https:\/\/westgem.shop\/fr\/wp-json\/wp\/v2\/media\/3427"}],"wp:attachment":[{"href":"https:\/\/westgem.shop\/fr\/wp-json\/wp\/v2\/media?parent=2480"}],"wp:term":[{"taxonomy":"region","embeddable":true,"href":"https:\/\/westgem.shop\/fr\/wp-json\/wp\/v2\/region?post=2480"},{"taxonomy":"product_brand","embeddable":true,"href":"https:\/\/westgem.shop\/fr\/wp-json\/wp\/v2\/product_brand?post=2480"},{"taxonomy":"product_cat","embeddable":true,"href":"https:\/\/westgem.shop\/fr\/wp-json\/wp\/v2\/product_cat?post=2480"},{"taxonomy":"product_tag","embeddable":true,"href":"https:\/\/westgem.shop\/fr\/wp-json\/wp\/v2\/product_tag?post=2480"}],"curies":[{"name":"wp","href":"https:\/\/api.w.org\/{rel}","templated":true}]}}