{"id":2481,"date":"2001-03-18T00:00:00","date_gmt":"2001-03-18T00:00:00","guid":{"rendered":"https:\/\/miners.rocks\/product\/bergkristall-doppelender\/"},"modified":"2020-05-19T16:58:49","modified_gmt":"2020-05-19T16:58:49","slug":"cristal-de-roche-double","status":"publish","type":"product","link":"https:\/\/westgem.shop\/fr\/produit\/cristal-de-roche-double\/","title":{"rendered":"CRISTAL DE MONTAGNE - double \u00e9metteur"},"content":{"rendered":"<p>Grand CRISTAL DE MONTAGNE \u00e0 double face, qualit\u00e9 AA<\/p>\n<p>Une extr\u00e9mit\u00e9 du cristal est trouble et l'autre est claire comme de l'eau<\/p>\n<p>Trouv\u00e9, taill\u00e9 et poli \u00e0 Madagascar.<\/p>\n<p>Poids : 170 g Dimensions : 14 x 3 x 3 cm<\/p>","protected":false},"excerpt":{"rendered":"<p>Grand CRISTAL DE MONTAGNE \u00e0 double extr\u00e9mit\u00e9 Qualit\u00e9 AA Une extr\u00e9mit\u00e9 du cristal est trouble et l'autre est claire comme de l'eau Trouv\u00e9, taill\u00e9 et poli \u00e0 Madagascar. Poids : 170 g Dimensions : 14 x 3 x 3 cm<\/p>","protected":false},"featured_media":3430,"template":"","meta":{"_acf_changed":false},"region":[],"product_brand":[],"product_cat":[15],"product_tag":[],"class_list":{"0":"post-2481","1":"product","2":"type-product","3":"status-publish","4":"has-post-thumbnail","6":"product_cat-mineralien","8":"first","9":"outofstock","10":"sold-individually","11":"product-type-simple"},"acf":[],"_links":{"self":[{"href":"https:\/\/westgem.shop\/fr\/wp-json\/wp\/v2\/product\/2481","targetHints":{"allow":["GET"]}}],"collection":[{"href":"https:\/\/westgem.shop\/fr\/wp-json\/wp\/v2\/product"}],"about":[{"href":"https:\/\/westgem.shop\/fr\/wp-json\/wp\/v2\/types\/product"}],"wp:featuredmedia":[{"embeddable":true,"href":"https:\/\/westgem.shop\/fr\/wp-json\/wp\/v2\/media\/3430"}],"wp:attachment":[{"href":"https:\/\/westgem.shop\/fr\/wp-json\/wp\/v2\/media?parent=2481"}],"wp:term":[{"taxonomy":"region","embeddable":true,"href":"https:\/\/westgem.shop\/fr\/wp-json\/wp\/v2\/region?post=2481"},{"taxonomy":"product_brand","embeddable":true,"href":"https:\/\/westgem.shop\/fr\/wp-json\/wp\/v2\/product_brand?post=2481"},{"taxonomy":"product_cat","embeddable":true,"href":"https:\/\/westgem.shop\/fr\/wp-json\/wp\/v2\/product_cat?post=2481"},{"taxonomy":"product_tag","embeddable":true,"href":"https:\/\/westgem.shop\/fr\/wp-json\/wp\/v2\/product_tag?post=2481"}],"curies":[{"name":"wp","href":"https:\/\/api.w.org\/{rel}","templated":true}]}}