{"id":2482,"date":"2001-03-19T00:00:00","date_gmt":"2001-03-19T00:00:00","guid":{"rendered":"https:\/\/miners.rocks\/product\/1a-pyrit-xx-sphalerit-xx\/"},"modified":"2020-05-19T16:58:50","modified_gmt":"2020-05-19T16:58:50","slug":"1a-pyrite-xx-sphalerite-xx","status":"publish","type":"product","link":"https:\/\/westgem.shop\/fr\/produit\/1a-pyrite-xx-sphalerite-xx\/","title":{"rendered":"1A PYRIT xx SPHALERIT xx"},"content":{"rendered":"<p><u>\u00c9tape de cristal de premi\u00e8re classe - PYRIT xx avec SPHALERIT xx tr\u00e8s brillant.<\/u><\/p>\n<p>Ce niveau provient d'une ancienne d\u00e9couverte de la c\u00e9l\u00e8bre mine HUANZALA dans les Andes p\u00e9ruviennes.<\/p>\n<p>Cristaux de PYRIT tr\u00e8s bien form\u00e9s avec les stries typiques et caract\u00e9ristiques, avec de nombreuses <u>SPHALERIT = BLENDE DE ZINC<\/u> - cristaux.<\/p>\n<p>Nous avons photographi\u00e9 ces marches \u00e0 l'ombre, en plein soleil, la brillance est si intense que l'appareil photo (et nous en avons un tr\u00e8s bon) ne peut pas la restituer correctement.<\/p>\n<p>Poids de ce magnifique niveau de cristal : 1,4 kilogramme<\/p>\n<p>Taille : 14,5 x 10 x 6 cm xx jusqu'\u00e0 2,5 cm de c\u00f4t\u00e9<\/p>\n<p>La derni\u00e8re photo montre la face inf\u00e9rieure de la marche , \u00e9galement avec beaucoup de xx avec de belles surfaces terminales !<\/p>","protected":false},"excerpt":{"rendered":"<p>Un niveau de cristal de premi\u00e8re classe - PYRITE xx avec SPHALERITE xx tr\u00e8s brillante. Ce niveau provient d'une ancienne d\u00e9couverte de la c\u00e9l\u00e8bre mine HUANZALA dans les Andes p\u00e9ruviennes. Des cristaux de PYRITE tr\u00e8s bien form\u00e9s avec les stries typiques et caract\u00e9ristiques, avec de nombreux cristaux de SPHALERITE = BILLES DE TINCE sur le dessus. Nous avons photographi\u00e9 ces marches \u00e0 l'ombre, en plein soleil l'\u00e9clat [...].<\/p>","protected":false},"featured_media":3432,"template":"","meta":{"_acf_changed":false},"region":[],"product_brand":[],"product_cat":[15],"product_tag":[],"class_list":{"0":"post-2482","1":"product","2":"type-product","3":"status-publish","4":"has-post-thumbnail","6":"product_cat-mineralien","8":"first","9":"outofstock","10":"sold-individually","11":"product-type-simple"},"acf":[],"_links":{"self":[{"href":"https:\/\/westgem.shop\/fr\/wp-json\/wp\/v2\/product\/2482","targetHints":{"allow":["GET"]}}],"collection":[{"href":"https:\/\/westgem.shop\/fr\/wp-json\/wp\/v2\/product"}],"about":[{"href":"https:\/\/westgem.shop\/fr\/wp-json\/wp\/v2\/types\/product"}],"wp:featuredmedia":[{"embeddable":true,"href":"https:\/\/westgem.shop\/fr\/wp-json\/wp\/v2\/media\/3432"}],"wp:attachment":[{"href":"https:\/\/westgem.shop\/fr\/wp-json\/wp\/v2\/media?parent=2482"}],"wp:term":[{"taxonomy":"region","embeddable":true,"href":"https:\/\/westgem.shop\/fr\/wp-json\/wp\/v2\/region?post=2482"},{"taxonomy":"product_brand","embeddable":true,"href":"https:\/\/westgem.shop\/fr\/wp-json\/wp\/v2\/product_brand?post=2482"},{"taxonomy":"product_cat","embeddable":true,"href":"https:\/\/westgem.shop\/fr\/wp-json\/wp\/v2\/product_cat?post=2482"},{"taxonomy":"product_tag","embeddable":true,"href":"https:\/\/westgem.shop\/fr\/wp-json\/wp\/v2\/product_tag?post=2482"}],"curies":[{"name":"wp","href":"https:\/\/api.w.org\/{rel}","templated":true}]}}