{"id":2483,"date":"2001-03-20T00:00:00","date_gmt":"2001-03-20T00:00:00","guid":{"rendered":"https:\/\/miners.rocks\/product\/top-pyrit-stufe-huanzala\/"},"modified":"2020-05-19T16:58:50","modified_gmt":"2020-05-19T16:58:50","slug":"haut-niveau-de-pyrite-huanzala","status":"publish","type":"product","link":"https:\/\/westgem.shop\/fr\/produit\/haut-niveau-de-pyrite-huanzala\/","title":{"rendered":"NIVEAU TOP PYRIT - Huanzala"},"content":{"rendered":"<p>un niveau sup\u00e9rieur de PYRIT avec des cristaux de premi\u00e8re qualit\u00e9 et des surfaces merveilleusement brillantes.<\/p>\n<p>Aujourd'hui, on ne trouve plus gu\u00e8re de marches aussi parfaites en provenance des hauts plateaux andins. Cette marche a pass\u00e9 les 15 derni\u00e8res ann\u00e9es dans un carton au fin fond d'un entrep\u00f4t, oubli\u00e9e - tant mieux, sinon nous ne l'aurions pas et nous pourrions transmettre cette merveille \u00e0 un \"heureux \u00e9lu\".<\/p>\n<p>Non seulement pour une vitrine de collectionneur - mais aussi sur un bureau ou un panneau de salon, un accroche-regard absolu.<\/p>\n<p>Photographi\u00e9 \u00e0 l'ombre, l'appareil photo ne peut pas rendre l'\u00e9clat intense des cristaux \u00e0 la lumi\u00e8re du soleil.<\/p>\n<p>Poids<u>2,1 kilogrammes<\/u>    Dimensions : 12 x 12 x 10 cm <\/p>\n<p> <u>xx jusqu'\u00e0 3,5 cm de longueur de bord<\/u><\/p>","protected":false},"excerpt":{"rendered":"<p>Un excellent niveau de PYRITE avec des cristaux de premi\u00e8re qualit\u00e9 et des surfaces brillantes. De nos jours, on ne trouve plus gu\u00e8re de gradins aussi parfaits dans les hauts plateaux andins. Ce niveau a pass\u00e9 les 15 derni\u00e8res ann\u00e9es dans un carton au fin fond d'un entrep\u00f4t, oubli\u00e9 - tant mieux, sinon nous ne l'aurions pas et nous pourrions offrir cette merveille \u00e0 un \"heureux [...]\".<\/p>","protected":false},"featured_media":3436,"template":"","meta":{"_acf_changed":false},"region":[],"product_brand":[],"product_cat":[15],"product_tag":[],"class_list":{"0":"post-2483","1":"product","2":"type-product","3":"status-publish","4":"has-post-thumbnail","6":"product_cat-mineralien","8":"first","9":"outofstock","10":"sold-individually","11":"product-type-simple"},"acf":[],"_links":{"self":[{"href":"https:\/\/westgem.shop\/fr\/wp-json\/wp\/v2\/product\/2483","targetHints":{"allow":["GET"]}}],"collection":[{"href":"https:\/\/westgem.shop\/fr\/wp-json\/wp\/v2\/product"}],"about":[{"href":"https:\/\/westgem.shop\/fr\/wp-json\/wp\/v2\/types\/product"}],"wp:featuredmedia":[{"embeddable":true,"href":"https:\/\/westgem.shop\/fr\/wp-json\/wp\/v2\/media\/3436"}],"wp:attachment":[{"href":"https:\/\/westgem.shop\/fr\/wp-json\/wp\/v2\/media?parent=2483"}],"wp:term":[{"taxonomy":"region","embeddable":true,"href":"https:\/\/westgem.shop\/fr\/wp-json\/wp\/v2\/region?post=2483"},{"taxonomy":"product_brand","embeddable":true,"href":"https:\/\/westgem.shop\/fr\/wp-json\/wp\/v2\/product_brand?post=2483"},{"taxonomy":"product_cat","embeddable":true,"href":"https:\/\/westgem.shop\/fr\/wp-json\/wp\/v2\/product_cat?post=2483"},{"taxonomy":"product_tag","embeddable":true,"href":"https:\/\/westgem.shop\/fr\/wp-json\/wp\/v2\/product_tag?post=2483"}],"curies":[{"name":"wp","href":"https:\/\/api.w.org\/{rel}","templated":true}]}}