{"id":2484,"date":"2001-03-21T00:00:00","date_gmt":"2001-03-21T00:00:00","guid":{"rendered":"https:\/\/miners.rocks\/product\/aa106-huanzala-pyrit-xx\/"},"modified":"2020-05-19T16:58:51","modified_gmt":"2020-05-19T16:58:51","slug":"aa106-huanzala-pyrite-xx","status":"publish","type":"product","link":"https:\/\/westgem.shop\/fr\/produit\/aa106-huanzala-pyrite-xx\/","title":{"rendered":"AA106 - HUANZALA PYRIT xx"},"content":{"rendered":"<p>Grade de PYRITE de premi\u00e8re qualit\u00e9 provenant de la c\u00e9l\u00e8bre mine de HUANZALA dans les Andes p\u00e9ruviennes.<\/p>\n<p>Cristaux bien form\u00e9s avec les rainures de cristallisation typiques.<\/p>\n<p>On ne trouve plus gu\u00e8re de marches de ce type sur le march\u00e9.<\/p>\n<p>Pour les collectionneurs qui ne poss\u00e8dent pas encore un tel niveau - voici le PRIX SPECIAL !<\/p>\n<p>au lieu du prix commercial 144,-<u>  seulement \u20ac 90<\/u><\/p>\n<p><u>poids :<\/u>  2 kilogrammes Dimensions : 13 x 9 x 9 cm xx jusqu'\u00e0 2,5 cm de c\u00f4t\u00e9<\/p>\n<p>la derni\u00e8re image montre la face inf\u00e9rieure<\/p>","protected":false},"excerpt":{"rendered":"<p>PYRITE de premi\u00e8re qualit\u00e9 provenant de la c\u00e9l\u00e8bre mine HUANZALA dans les Andes p\u00e9ruviennes. Cristaux bien form\u00e9s avec les rainures de cristallisation typiques. On ne trouve presque plus de marches de ce type sur le march\u00e9. Pour les collectionneurs qui ne poss\u00e8dent pas encore un tel niveau - voici le PRIX SPECIAL ! au lieu du prix commercial de 144,- seulement \u20ac 90 Poids : 2 kilogrammes Dimensions : 13 x 9 [...].<\/p>","protected":false},"featured_media":3440,"template":"","meta":{"_acf_changed":false},"region":[],"product_brand":[],"product_cat":[15],"product_tag":[],"class_list":{"0":"post-2484","1":"product","2":"type-product","3":"status-publish","4":"has-post-thumbnail","6":"product_cat-mineralien","8":"first","9":"outofstock","10":"sold-individually","11":"product-type-simple"},"acf":[],"_links":{"self":[{"href":"https:\/\/westgem.shop\/fr\/wp-json\/wp\/v2\/product\/2484","targetHints":{"allow":["GET"]}}],"collection":[{"href":"https:\/\/westgem.shop\/fr\/wp-json\/wp\/v2\/product"}],"about":[{"href":"https:\/\/westgem.shop\/fr\/wp-json\/wp\/v2\/types\/product"}],"wp:featuredmedia":[{"embeddable":true,"href":"https:\/\/westgem.shop\/fr\/wp-json\/wp\/v2\/media\/3440"}],"wp:attachment":[{"href":"https:\/\/westgem.shop\/fr\/wp-json\/wp\/v2\/media?parent=2484"}],"wp:term":[{"taxonomy":"region","embeddable":true,"href":"https:\/\/westgem.shop\/fr\/wp-json\/wp\/v2\/region?post=2484"},{"taxonomy":"product_brand","embeddable":true,"href":"https:\/\/westgem.shop\/fr\/wp-json\/wp\/v2\/product_brand?post=2484"},{"taxonomy":"product_cat","embeddable":true,"href":"https:\/\/westgem.shop\/fr\/wp-json\/wp\/v2\/product_cat?post=2484"},{"taxonomy":"product_tag","embeddable":true,"href":"https:\/\/westgem.shop\/fr\/wp-json\/wp\/v2\/product_tag?post=2484"}],"curies":[{"name":"wp","href":"https:\/\/api.w.org\/{rel}","templated":true}]}}