{"id":2485,"date":"2011-05-22T00:00:00","date_gmt":"2011-05-22T00:00:00","guid":{"rendered":"https:\/\/miners.rocks\/product\/pyrit-gro%ef%ac%82stufe-28-kg\/"},"modified":"2024-02-03T07:51:42","modified_gmt":"2024-02-03T07:51:42","slug":"pyrite-grand-echelon-28-kg","status":"publish","type":"product","link":"https:\/\/westgem.shop\/fr\/produit\/pyrite-grand-echelon-28-kg\/","title":{"rendered":"PYRIT AA - 2,8 Kg"},"content":{"rendered":"<p>PYRITE Grande \u00e9tape d'une ancienne d\u00e9couverte dans la c\u00e9l\u00e8bre mine HUANZALA dans les 'Andes p\u00e9ruviennes.<\/p>\n<p>Des marches aussi grandes ne sont plus gu\u00e8re visibles aujourd'hui et sont donc particuli\u00e8rement recherch\u00e9es.<\/p>\n<p>Nous avons photographi\u00e9 \u00e0 l'ombre, les cristaux brillent tellement \u00e0 la lumi\u00e8re du soleil que l'appareil photo ne peut plus transmettre cela de mani\u00e8re r\u00e9elle.<\/p>\n<p>Lieu de d\u00e9couverte : Mine de Huanzala - Andes - P\u00e9rou<\/p>\n<p>poids :<strong> 2,8 kilogrammes<\/strong> - Prix super-collector.<\/p>\n<p><u>Dimensions : 17 x 12 x 11 cm<\/u><\/p>","protected":false},"excerpt":{"rendered":"<p>Grande marche en PYRITE provenant d'une ancienne d\u00e9couverte dans la c\u00e9l\u00e8bre mine de HUANZALA dans les Andes p\u00e9ruviennes. Des marches aussi grandes ne sont plus gu\u00e8re visibles aujourd'hui et sont donc particuli\u00e8rement recherch\u00e9es. Nous avons photographi\u00e9 \u00e0 l'ombre, les cristaux brillent tellement sous la lumi\u00e8re du soleil que l'appareil photo ne peut plus les transmettre r\u00e9ellement. Lieu de la d\u00e9couverte : Mine de Huanzala - Andes [...].<\/p>","protected":false},"featured_media":3444,"template":"","meta":{"_acf_changed":false},"region":[60],"product_brand":[],"product_cat":[19],"product_tag":[],"class_list":{"0":"post-2485","1":"product","2":"type-product","3":"status-publish","4":"has-post-thumbnail","6":"region-suedamerika","7":"product_cat-kristallstufen","9":"first","10":"outofstock","11":"sold-individually","12":"product-type-simple"},"acf":[],"_links":{"self":[{"href":"https:\/\/westgem.shop\/fr\/wp-json\/wp\/v2\/product\/2485","targetHints":{"allow":["GET"]}}],"collection":[{"href":"https:\/\/westgem.shop\/fr\/wp-json\/wp\/v2\/product"}],"about":[{"href":"https:\/\/westgem.shop\/fr\/wp-json\/wp\/v2\/types\/product"}],"wp:featuredmedia":[{"embeddable":true,"href":"https:\/\/westgem.shop\/fr\/wp-json\/wp\/v2\/media\/3444"}],"wp:attachment":[{"href":"https:\/\/westgem.shop\/fr\/wp-json\/wp\/v2\/media?parent=2485"}],"wp:term":[{"taxonomy":"region","embeddable":true,"href":"https:\/\/westgem.shop\/fr\/wp-json\/wp\/v2\/region?post=2485"},{"taxonomy":"product_brand","embeddable":true,"href":"https:\/\/westgem.shop\/fr\/wp-json\/wp\/v2\/product_brand?post=2485"},{"taxonomy":"product_cat","embeddable":true,"href":"https:\/\/westgem.shop\/fr\/wp-json\/wp\/v2\/product_cat?post=2485"},{"taxonomy":"product_tag","embeddable":true,"href":"https:\/\/westgem.shop\/fr\/wp-json\/wp\/v2\/product_tag?post=2485"}],"curies":[{"name":"wp","href":"https:\/\/api.w.org\/{rel}","templated":true}]}}