{"id":2486,"date":"2011-08-23T00:00:00","date_gmt":"2011-08-23T00:00:00","guid":{"rendered":"https:\/\/miners.rocks\/product\/superstufe-pyrit-sphalerit-rhodochrosit\/"},"modified":"2024-02-03T07:50:29","modified_gmt":"2024-02-03T07:50:29","slug":"super-etage-pyrite-sphalerite-rhodochrosite","status":"publish","type":"product","link":"https:\/\/westgem.shop\/fr\/produit\/super-etage-pyrite-sphalerite-rhodochrosite\/","title":{"rendered":"SUPERSTRUCTURE - Pyrite-Sphal\u00e9rite-Rhodochrosite"},"content":{"rendered":"<p>De l'ancien stock.<\/p>\n<p>Ces niveaux TOP vaudront certainement 3 \u00e0 5 fois plus dans quelques ann\u00e9es.<\/p>\n<p><strong>Grand niveau avec de beaux cristaux de PYRITE tr\u00e8s brillants et tr\u00e8s bien form\u00e9s, de superbes cristaux de SPHALERITE = BULLE DE ZINC d'un noir profond et de la RHODOCHROSITE de couleur rose.<\/strong><\/p>\n<p>MINA SANTA RITA - CASAPALCA - P\u00c9ROU<\/p>\n<p>Bien s\u00fbr, \u00e0 nouveau photographi\u00e9 \u00e0 l'ombre, les cristaux brillent tellement \u00e0 la lumi\u00e8re du soleil que les images prises par l'appareil - sans traitement photographique intensif - ne peuvent pas \u00eatre reproduites en r\u00e9alit\u00e9.<\/p>\n<p>poids : <strong>3,1 kilogrammes<\/strong><\/p>\n<p>Gradation de la marche : <strong>17 x 13 x 10 cm xx jusqu'\u00e0 2,7 cm de c\u00f4t\u00e9<\/strong><\/p>","protected":false},"excerpt":{"rendered":"<p>Provenant d'un ancien stock. Ces marches TOP vaudront certainement 3 \u00e0 5 fois plus dans quelques ann\u00e9es. Grande marche avec de beaux cristaux de PYRITE tr\u00e8s brillants et tr\u00e8s bien form\u00e9s, de superbes cristaux de SPHALERITE = BLEU D'ETIN et de RHODOCHROSITE de couleur rose. MINA SANTA RITA - CASAPALCA - PERU Bien s\u00fbr, les photos ont \u00e9t\u00e9 prises \u00e0 l'ombre, mais \u00e0 la lumi\u00e8re du soleil, les cristaux brillent tellement [...].<\/p>","protected":false},"featured_media":3447,"template":"","meta":{"_acf_changed":false},"region":[],"product_brand":[],"product_cat":[22,19],"product_tag":[],"class_list":{"0":"post-2486","1":"product","2":"type-product","3":"status-publish","4":"has-post-thumbnail","6":"product_cat-allgemein","7":"product_cat-kristallstufen","9":"first","10":"outofstock","11":"sold-individually","12":"product-type-simple"},"acf":[],"_links":{"self":[{"href":"https:\/\/westgem.shop\/fr\/wp-json\/wp\/v2\/product\/2486","targetHints":{"allow":["GET"]}}],"collection":[{"href":"https:\/\/westgem.shop\/fr\/wp-json\/wp\/v2\/product"}],"about":[{"href":"https:\/\/westgem.shop\/fr\/wp-json\/wp\/v2\/types\/product"}],"wp:featuredmedia":[{"embeddable":true,"href":"https:\/\/westgem.shop\/fr\/wp-json\/wp\/v2\/media\/3447"}],"wp:attachment":[{"href":"https:\/\/westgem.shop\/fr\/wp-json\/wp\/v2\/media?parent=2486"}],"wp:term":[{"taxonomy":"region","embeddable":true,"href":"https:\/\/westgem.shop\/fr\/wp-json\/wp\/v2\/region?post=2486"},{"taxonomy":"product_brand","embeddable":true,"href":"https:\/\/westgem.shop\/fr\/wp-json\/wp\/v2\/product_brand?post=2486"},{"taxonomy":"product_cat","embeddable":true,"href":"https:\/\/westgem.shop\/fr\/wp-json\/wp\/v2\/product_cat?post=2486"},{"taxonomy":"product_tag","embeddable":true,"href":"https:\/\/westgem.shop\/fr\/wp-json\/wp\/v2\/product_tag?post=2486"}],"curies":[{"name":"wp","href":"https:\/\/api.w.org\/{rel}","templated":true}]}}