{"id":2489,"date":"2001-03-26T00:00:00","date_gmt":"2001-03-26T00:00:00","guid":{"rendered":"https:\/\/miners.rocks\/product\/echte-jade-nephrit-2\/"},"modified":"2020-05-19T16:58:54","modified_gmt":"2020-05-19T16:58:54","slug":"veritable-jade-nephrite-2","status":"publish","type":"product","link":"https:\/\/westgem.shop\/fr\/produit\/veritable-jade-nephrite-2\/","title":{"rendered":"V\u00e9ritable JADE - NEPHRIT"},"content":{"rendered":"<p>Seuls les min\u00e9raux JADEIT et NEPHRIT font partie du VRAI JADE.<\/p>\n<p>Dans le domaine de la bijouterie, il existe de nombreuses pierres qui sont pr\u00e9sent\u00e9es comme du \"JADE\" mais qui n'ont rien \u00e0 voir avec le VRAI JADE. Par exemple, le jade de Chine n'est que le min\u00e9ral SERPENTIN, le jade du Transvaal est GROSSULAR, le jade de Sib\u00e9rie n'est qu'un produit artificiel, etc. ........<\/p>\n<p>L'ACTINOLITE \u00e0 fibres fines de qualit\u00e9 abrasive est un min\u00e9ral qui fait partie du VRAI JADE - dur et tenace, g\u00e9n\u00e9ralement vert avec des points noirs, mais des couleurs noires sont \u00e9galement possibles. Ce min\u00e9ral de JADE s'appelle : NEPHRIT.<\/p>\n<p>Les gisements de NEPHRITE taillable sont par exemple la Nouvelle-Z\u00e9lande (JADE n\u00e9o-z\u00e9landais), la Russie (Oural) ou le CANADA (Colombie britannique).<\/p>\n<p>Cette pi\u00e8ce brute - coup\u00e9e sur deux c\u00f4t\u00e9s, non polie - photographi\u00e9e humide.<\/p>\n<p>Lieu de d\u00e9couverte : Cassair Mine - British Columbia - CANADA<\/p>\n<p>Poids : 510 g Dimensions : 15 x 6 x 3 cm<\/p>","protected":false},"excerpt":{"rendered":"<p>Seuls les min\u00e9raux JADEIT et NEPHRIT font partie du VRAI JADE. Dans le domaine de la bijouterie, il existe de nombreuses pierres qui sont propos\u00e9es comme \"jade\", mais qui n'ont rien \u00e0 voir avec le JADE VERITABLE. Par exemple, le jade chinois n'est que le min\u00e9ral SERPENTIN, le jade transvaal est GROSSULAR, le jade sib\u00e9rien n'est m\u00eame qu'un produit artificiel et ........ Fibre fine [...]<\/p>","protected":false},"featured_media":3458,"template":"","meta":{"_acf_changed":false},"region":[],"product_brand":[],"product_cat":[15],"product_tag":[],"class_list":{"0":"post-2489","1":"product","2":"type-product","3":"status-publish","4":"has-post-thumbnail","6":"product_cat-mineralien","8":"first","9":"outofstock","10":"sold-individually","11":"product-type-simple"},"acf":[],"_links":{"self":[{"href":"https:\/\/westgem.shop\/fr\/wp-json\/wp\/v2\/product\/2489","targetHints":{"allow":["GET"]}}],"collection":[{"href":"https:\/\/westgem.shop\/fr\/wp-json\/wp\/v2\/product"}],"about":[{"href":"https:\/\/westgem.shop\/fr\/wp-json\/wp\/v2\/types\/product"}],"wp:featuredmedia":[{"embeddable":true,"href":"https:\/\/westgem.shop\/fr\/wp-json\/wp\/v2\/media\/3458"}],"wp:attachment":[{"href":"https:\/\/westgem.shop\/fr\/wp-json\/wp\/v2\/media?parent=2489"}],"wp:term":[{"taxonomy":"region","embeddable":true,"href":"https:\/\/westgem.shop\/fr\/wp-json\/wp\/v2\/region?post=2489"},{"taxonomy":"product_brand","embeddable":true,"href":"https:\/\/westgem.shop\/fr\/wp-json\/wp\/v2\/product_brand?post=2489"},{"taxonomy":"product_cat","embeddable":true,"href":"https:\/\/westgem.shop\/fr\/wp-json\/wp\/v2\/product_cat?post=2489"},{"taxonomy":"product_tag","embeddable":true,"href":"https:\/\/westgem.shop\/fr\/wp-json\/wp\/v2\/product_tag?post=2489"}],"curies":[{"name":"wp","href":"https:\/\/api.w.org\/{rel}","templated":true}]}}