{"id":2491,"date":"2001-03-28T00:00:00","date_gmt":"2001-03-28T00:00:00","guid":{"rendered":"https:\/\/miners.rocks\/product\/uruguay-achat-mit-amethyst-xx\/"},"modified":"2020-05-19T16:58:56","modified_gmt":"2020-05-19T16:58:56","slug":"uruguay-agate-avec-amethyste-xx","status":"publish","type":"product","link":"https:\/\/westgem.shop\/fr\/produit\/uruguay-agate-avec-amethyste-xx\/","title":{"rendered":"Uruguay ACHAT avec AMETHYST xx"},"content":{"rendered":"<p>Magnifique tranche d'un ACHAT d'URUGUAY avec de beaux AMETHYST xx dans la cavit\u00e9 du tubercule d'ACHAT.<\/p>\n<p>Taill\u00e9 et poli en Allemagne.<\/p>\n<p>La mati\u00e8re premi\u00e8re se trouve \u00e0 ARTIGAS en URUGUAY - Am\u00e9rique du Sud.<\/p>\n<p>Poids : 290 g Dimensions : 15 x 14 x 0,8 cm<\/p>","protected":false},"excerpt":{"rendered":"<p>Magnifique tranche d'un ACHAT d'URUGUAY avec de beaux AMETHYST xx dans la cavit\u00e9 du tubercule d'ACHAT. Taill\u00e9e et polie en Allemagne. Le lieu de d\u00e9couverte de la mati\u00e8re premi\u00e8re est ARTIGAS en URUGUAY - Am\u00e9rique du Sud Poids : 290 g Dimensions : 15 x 14 x 0,8 cm<\/p>","protected":false},"featured_media":3466,"template":"","meta":{"_acf_changed":false},"region":[],"product_brand":[],"product_cat":[15],"product_tag":[],"class_list":{"0":"post-2491","1":"product","2":"type-product","3":"status-publish","4":"has-post-thumbnail","6":"product_cat-mineralien","8":"first","9":"outofstock","10":"sold-individually","11":"product-type-simple"},"acf":[],"_links":{"self":[{"href":"https:\/\/westgem.shop\/fr\/wp-json\/wp\/v2\/product\/2491","targetHints":{"allow":["GET"]}}],"collection":[{"href":"https:\/\/westgem.shop\/fr\/wp-json\/wp\/v2\/product"}],"about":[{"href":"https:\/\/westgem.shop\/fr\/wp-json\/wp\/v2\/types\/product"}],"wp:featuredmedia":[{"embeddable":true,"href":"https:\/\/westgem.shop\/fr\/wp-json\/wp\/v2\/media\/3466"}],"wp:attachment":[{"href":"https:\/\/westgem.shop\/fr\/wp-json\/wp\/v2\/media?parent=2491"}],"wp:term":[{"taxonomy":"region","embeddable":true,"href":"https:\/\/westgem.shop\/fr\/wp-json\/wp\/v2\/region?post=2491"},{"taxonomy":"product_brand","embeddable":true,"href":"https:\/\/westgem.shop\/fr\/wp-json\/wp\/v2\/product_brand?post=2491"},{"taxonomy":"product_cat","embeddable":true,"href":"https:\/\/westgem.shop\/fr\/wp-json\/wp\/v2\/product_cat?post=2491"},{"taxonomy":"product_tag","embeddable":true,"href":"https:\/\/westgem.shop\/fr\/wp-json\/wp\/v2\/product_tag?post=2491"}],"curies":[{"name":"wp","href":"https:\/\/api.w.org\/{rel}","templated":true}]}}