{"id":2492,"date":"2001-03-29T00:00:00","date_gmt":"2001-03-29T00:00:00","guid":{"rendered":"https:\/\/miners.rocks\/product\/uruguay-achat-spezial\/"},"modified":"2020-05-19T16:58:56","modified_gmt":"2020-05-19T16:58:56","slug":"uruguay-achat-special","status":"publish","type":"product","link":"https:\/\/westgem.shop\/fr\/produit\/uruguay-achat-special\/","title":{"rendered":"Uruguay ACHAT Sp\u00e9cial"},"content":{"rendered":"<p>URUGUAY ACHAT DISQUE avec AMETHYST xx<\/p>\n<p>Magnifique pi\u00e8ce de d\u00e9coration. ACHAT d'Artigas en URUGUAY coup\u00e9 en tranches et poli sur les deux faces. Dans les cavit\u00e9s, de beaux cristaux AMETHYST.<\/p>\n<p>Poids : 540 g Dimensions : 20 x 12 x 1,5 cm<\/p>\n<p>OFFRE SP\u00c9CIALE !<\/p>","protected":false},"excerpt":{"rendered":"<p>URUGUAY ACHAT Tranche avec AMETHYST xx Magnifique pi\u00e8ce d\u00e9corative. ACHAT d'Artigas en URUGUAY coup\u00e9 en tranche et poli sur les deux faces. Dans les cavit\u00e9s, de beaux cristaux AMETHYST. Poids : 540 g Dimensions : 20 x 12 x 1,5 cm OFFRE SPECIALE !<\/p>","protected":false},"featured_media":3470,"template":"","meta":{"_acf_changed":false},"region":[],"product_brand":[],"product_cat":[15],"product_tag":[],"class_list":{"0":"post-2492","1":"product","2":"type-product","3":"status-publish","4":"has-post-thumbnail","6":"product_cat-mineralien","8":"first","9":"outofstock","10":"sold-individually","11":"product-type-simple"},"acf":[],"_links":{"self":[{"href":"https:\/\/westgem.shop\/fr\/wp-json\/wp\/v2\/product\/2492","targetHints":{"allow":["GET"]}}],"collection":[{"href":"https:\/\/westgem.shop\/fr\/wp-json\/wp\/v2\/product"}],"about":[{"href":"https:\/\/westgem.shop\/fr\/wp-json\/wp\/v2\/types\/product"}],"wp:featuredmedia":[{"embeddable":true,"href":"https:\/\/westgem.shop\/fr\/wp-json\/wp\/v2\/media\/3470"}],"wp:attachment":[{"href":"https:\/\/westgem.shop\/fr\/wp-json\/wp\/v2\/media?parent=2492"}],"wp:term":[{"taxonomy":"region","embeddable":true,"href":"https:\/\/westgem.shop\/fr\/wp-json\/wp\/v2\/region?post=2492"},{"taxonomy":"product_brand","embeddable":true,"href":"https:\/\/westgem.shop\/fr\/wp-json\/wp\/v2\/product_brand?post=2492"},{"taxonomy":"product_cat","embeddable":true,"href":"https:\/\/westgem.shop\/fr\/wp-json\/wp\/v2\/product_cat?post=2492"},{"taxonomy":"product_tag","embeddable":true,"href":"https:\/\/westgem.shop\/fr\/wp-json\/wp\/v2\/product_tag?post=2492"}],"curies":[{"name":"wp","href":"https:\/\/api.w.org\/{rel}","templated":true}]}}