{"id":2496,"date":"2001-04-02T00:00:00","date_gmt":"2001-04-02T00:00:00","guid":{"rendered":"https:\/\/miners.rocks\/product\/sugilith\/"},"modified":"2020-05-19T16:58:58","modified_gmt":"2020-05-19T16:58:58","slug":"sugilith","status":"publish","type":"product","link":"https:\/\/westgem.shop\/fr\/produit\/sugilith\/","title":{"rendered":"SUGILITH"},"content":{"rendered":"<p><u>SUGILITH<\/u> en MANGANERZ<\/p>\n<p>D\u00e9coup\u00e9 d'un seul c\u00f4t\u00e9 - NON poli - COULEUR MAGENTA de premi\u00e8re qualit\u00e9.<\/p>\n<p>Wessels Mine - Kuruman Mangan Fields - Afrique du Sud<\/p>\n<p>Poids : 170 g Dimensions : 9,5 x 3,5 x 2,5 cm<\/p>\n<p>L'image 3 est la face arri\u00e8re, \u00e9galement riche en SUGILITH<\/p>\n<p>SUGILITH - un min\u00e9ral rare - actuellement un seul site - malheureusement de plus en plus cher.<\/p>","protected":false},"excerpt":{"rendered":"<p>SUGILITH en MANGANERZ D\u00e9coup\u00e9 d'un c\u00f4t\u00e9 - NON poli - COULEUR MAGENTA de premi\u00e8re qualit\u00e9. Wessels Mine - Kuruman Mangan Fields - AFRIQUE DU SUD Poids : 170 g Dimensions : 9,5 x 3,5 x 2,5 cm La photo 3 est le verso, \u00e9galement abondant SUGILITH SUGILITH - un min\u00e9ral rare - actuellement un seul site - malheureusement de plus en plus cher.<\/p>","protected":false},"featured_media":3483,"template":"","meta":{"_acf_changed":false},"region":[],"product_brand":[],"product_cat":[15],"product_tag":[],"class_list":{"0":"post-2496","1":"product","2":"type-product","3":"status-publish","4":"has-post-thumbnail","6":"product_cat-mineralien","8":"first","9":"outofstock","10":"sold-individually","11":"product-type-simple"},"acf":[],"_links":{"self":[{"href":"https:\/\/westgem.shop\/fr\/wp-json\/wp\/v2\/product\/2496","targetHints":{"allow":["GET"]}}],"collection":[{"href":"https:\/\/westgem.shop\/fr\/wp-json\/wp\/v2\/product"}],"about":[{"href":"https:\/\/westgem.shop\/fr\/wp-json\/wp\/v2\/types\/product"}],"wp:featuredmedia":[{"embeddable":true,"href":"https:\/\/westgem.shop\/fr\/wp-json\/wp\/v2\/media\/3483"}],"wp:attachment":[{"href":"https:\/\/westgem.shop\/fr\/wp-json\/wp\/v2\/media?parent=2496"}],"wp:term":[{"taxonomy":"region","embeddable":true,"href":"https:\/\/westgem.shop\/fr\/wp-json\/wp\/v2\/region?post=2496"},{"taxonomy":"product_brand","embeddable":true,"href":"https:\/\/westgem.shop\/fr\/wp-json\/wp\/v2\/product_brand?post=2496"},{"taxonomy":"product_cat","embeddable":true,"href":"https:\/\/westgem.shop\/fr\/wp-json\/wp\/v2\/product_cat?post=2496"},{"taxonomy":"product_tag","embeddable":true,"href":"https:\/\/westgem.shop\/fr\/wp-json\/wp\/v2\/product_tag?post=2496"}],"curies":[{"name":"wp","href":"https:\/\/api.w.org\/{rel}","templated":true}]}}