{"id":2497,"date":"2001-04-03T00:00:00","date_gmt":"2001-04-03T00:00:00","guid":{"rendered":"https:\/\/miners.rocks\/product\/uruguay-amethyst-xx-aa-extra-2\/"},"modified":"2020-05-19T16:58:59","modified_gmt":"2020-05-19T16:58:59","slug":"uruguay-amethyst-xx-aa-extra-2","status":"publish","type":"product","link":"https:\/\/westgem.shop\/fr\/produit\/uruguay-amethyst-xx-aa-extra-2\/","title":{"rendered":"URUGUAY AMETHYST xx AA Extra"},"content":{"rendered":"<p>Grande partie d'un tubercule d'AMETHYST de premi\u00e8re qualit\u00e9 provenant de la c\u00e9l\u00e8bre mine Becker \u00e0 Artigas Uruguay. <u>Qualit\u00e9 : AA EXTRA<\/u><\/p>\n<p>COULEUR NATURELLE - BOIS NATUREL - tr\u00e8s d\u00e9coratif - TEINTES VIOLETES intenses - belles finitions cristal .<\/p>\n<p>1 support coulissant en plexiglas \u00e0 poser GRATUITEMENT.<\/p>\n<p>poids : <u> 2,6 kilogrammes<\/u>  Dimensions : 23 x 17 x 5 cm<\/p>\n<p>PRIX SP\u00c9CIAL COLLECTIONNEUR !<\/p>","protected":false},"excerpt":{"rendered":"<p>Grande partie d'un tubercule d'AMETHYSTE de premi\u00e8re qualit\u00e9 provenant de la fameuse mine Becker \u00e0 Artigas Uruguay. Qualit\u00e9 : AA COULEUR EXTRA NATURELLE - NATURELLE RINDE - tr\u00e8s d\u00e9coratif - VIOLET intense - belles finitions en cristal. 1 support coulissant en plexi \u00e0 poser GRATUIT. Poids : 2,6 kilogrammes Dimensions : 23 x 17 x 5 cm PRIX SPECIAL DE SALLE !<\/p>","protected":false},"featured_media":3487,"template":"","meta":{"_acf_changed":false},"region":[],"product_brand":[],"product_cat":[15],"product_tag":[],"class_list":{"0":"post-2497","1":"product","2":"type-product","3":"status-publish","4":"has-post-thumbnail","6":"product_cat-mineralien","8":"first","9":"outofstock","10":"sold-individually","11":"product-type-simple"},"acf":[],"_links":{"self":[{"href":"https:\/\/westgem.shop\/fr\/wp-json\/wp\/v2\/product\/2497","targetHints":{"allow":["GET"]}}],"collection":[{"href":"https:\/\/westgem.shop\/fr\/wp-json\/wp\/v2\/product"}],"about":[{"href":"https:\/\/westgem.shop\/fr\/wp-json\/wp\/v2\/types\/product"}],"wp:featuredmedia":[{"embeddable":true,"href":"https:\/\/westgem.shop\/fr\/wp-json\/wp\/v2\/media\/3487"}],"wp:attachment":[{"href":"https:\/\/westgem.shop\/fr\/wp-json\/wp\/v2\/media?parent=2497"}],"wp:term":[{"taxonomy":"region","embeddable":true,"href":"https:\/\/westgem.shop\/fr\/wp-json\/wp\/v2\/region?post=2497"},{"taxonomy":"product_brand","embeddable":true,"href":"https:\/\/westgem.shop\/fr\/wp-json\/wp\/v2\/product_brand?post=2497"},{"taxonomy":"product_cat","embeddable":true,"href":"https:\/\/westgem.shop\/fr\/wp-json\/wp\/v2\/product_cat?post=2497"},{"taxonomy":"product_tag","embeddable":true,"href":"https:\/\/westgem.shop\/fr\/wp-json\/wp\/v2\/product_tag?post=2497"}],"curies":[{"name":"wp","href":"https:\/\/api.w.org\/{rel}","templated":true}]}}