{"id":2501,"date":"2001-04-07T00:00:00","date_gmt":"2001-04-07T00:00:00","guid":{"rendered":"https:\/\/miners.rocks\/product\/blauer-andenopal-graviert\/"},"modified":"2020-05-19T16:59:02","modified_gmt":"2020-05-19T16:59:02","slug":"opale-bleue-andine-gravee","status":"publish","type":"product","link":"https:\/\/westgem.shop\/fr\/produit\/opale-bleue-andine-gravee\/","title":{"rendered":"ANDENOPAL bleu - grav\u00e9"},"content":{"rendered":"<p>OPAL D'ANDENNE BLEU de la c\u00e9l\u00e8bre mine LILY dans le d\u00e9partement ICA - P\u00c9ROU<\/p>\n<p>Taill\u00e9 en forme de goutte et grav\u00e9 comme un coquillage. Pourrait aussi \u00eatre utilis\u00e9 comme pendentif.<\/p>\n<p>Poids : 13 g Dimensions : 52 x 35 x 23 mm<\/p>\n<p>La photo 3 repr\u00e9sente le dos plat - naturel !<\/p>","protected":false},"excerpt":{"rendered":"<p>OPAL DES ANDES BLEU de la c\u00e9l\u00e8bre mine LILY dans le d\u00e9partement ICA - PERU Taill\u00e9 en forme de goutte et grav\u00e9 comme un coquillage. Poids : 13 g Dimensions : 52 x 35 x 23 mm L'image 3 est le dos plat - naturel !<\/p>","protected":false},"featured_media":3503,"template":"","meta":{"_acf_changed":false},"region":[],"product_brand":[],"product_cat":[15],"product_tag":[],"class_list":{"0":"post-2501","1":"product","2":"type-product","3":"status-publish","4":"has-post-thumbnail","6":"product_cat-mineralien","8":"first","9":"outofstock","10":"sold-individually","11":"product-type-simple"},"acf":[],"_links":{"self":[{"href":"https:\/\/westgem.shop\/fr\/wp-json\/wp\/v2\/product\/2501","targetHints":{"allow":["GET"]}}],"collection":[{"href":"https:\/\/westgem.shop\/fr\/wp-json\/wp\/v2\/product"}],"about":[{"href":"https:\/\/westgem.shop\/fr\/wp-json\/wp\/v2\/types\/product"}],"wp:featuredmedia":[{"embeddable":true,"href":"https:\/\/westgem.shop\/fr\/wp-json\/wp\/v2\/media\/3503"}],"wp:attachment":[{"href":"https:\/\/westgem.shop\/fr\/wp-json\/wp\/v2\/media?parent=2501"}],"wp:term":[{"taxonomy":"region","embeddable":true,"href":"https:\/\/westgem.shop\/fr\/wp-json\/wp\/v2\/region?post=2501"},{"taxonomy":"product_brand","embeddable":true,"href":"https:\/\/westgem.shop\/fr\/wp-json\/wp\/v2\/product_brand?post=2501"},{"taxonomy":"product_cat","embeddable":true,"href":"https:\/\/westgem.shop\/fr\/wp-json\/wp\/v2\/product_cat?post=2501"},{"taxonomy":"product_tag","embeddable":true,"href":"https:\/\/westgem.shop\/fr\/wp-json\/wp\/v2\/product_tag?post=2501"}],"curies":[{"name":"wp","href":"https:\/\/api.w.org\/{rel}","templated":true}]}}