{"id":2505,"date":"2001-04-11T00:00:00","date_gmt":"2001-04-11T00:00:00","guid":{"rendered":"https:\/\/miners.rocks\/product\/rauchquarz-mit-aegirin-xx\/"},"modified":"2020-05-19T16:59:03","modified_gmt":"2020-05-19T16:59:03","slug":"quartz-fume-avec-aegirin-xx","status":"publish","type":"product","link":"https:\/\/westgem.shop\/fr\/produit\/quartz-fume-avec-aegirin-xx\/","title":{"rendered":"QUARTZ FUMEUR avec AEGIRIN xx"},"content":{"rendered":"<p>localisation de la trouvaille : Mont Malosa - MALAWI - AFRIQUE<\/p>\n<p>QUARTZ FUM\u00c9 - DOUBL\u00c9 avec d'autres quartz fum\u00e9s xx et AEGIRIN xx<\/p>\n<p>Cristaux tr\u00e8s brillants - petit niveau tr\u00e8s int\u00e9ressant provenant d'un site c\u00e9l\u00e8bre .<\/p>\n<p>Poids : 40 g Dimensions : 8 x 3 x 2 cm<\/p>","protected":false},"excerpt":{"rendered":"<p>Lieu de d\u00e9couverte : Mont Malosa - MALAWI - AFRIQUE QUARTZ FUM\u00c9 - DOUBLE avec d'autres quartz fum\u00e9s xx et AEGIRIN xx Cristaux tr\u00e8s brillants - petit niveau tr\u00e8s int\u00e9ressant provenant d'un site c\u00e9l\u00e8bre . Poids : 40 g Dimensions : 8 x 3 x 2 cm<\/p>","protected":false},"featured_media":3513,"template":"","meta":{"_acf_changed":false},"region":[],"product_brand":[],"product_cat":[15],"product_tag":[],"class_list":{"0":"post-2505","1":"product","2":"type-product","3":"status-publish","4":"has-post-thumbnail","6":"product_cat-mineralien","8":"first","9":"outofstock","10":"sold-individually","11":"product-type-simple"},"acf":[],"_links":{"self":[{"href":"https:\/\/westgem.shop\/fr\/wp-json\/wp\/v2\/product\/2505","targetHints":{"allow":["GET"]}}],"collection":[{"href":"https:\/\/westgem.shop\/fr\/wp-json\/wp\/v2\/product"}],"about":[{"href":"https:\/\/westgem.shop\/fr\/wp-json\/wp\/v2\/types\/product"}],"wp:featuredmedia":[{"embeddable":true,"href":"https:\/\/westgem.shop\/fr\/wp-json\/wp\/v2\/media\/3513"}],"wp:attachment":[{"href":"https:\/\/westgem.shop\/fr\/wp-json\/wp\/v2\/media?parent=2505"}],"wp:term":[{"taxonomy":"region","embeddable":true,"href":"https:\/\/westgem.shop\/fr\/wp-json\/wp\/v2\/region?post=2505"},{"taxonomy":"product_brand","embeddable":true,"href":"https:\/\/westgem.shop\/fr\/wp-json\/wp\/v2\/product_brand?post=2505"},{"taxonomy":"product_cat","embeddable":true,"href":"https:\/\/westgem.shop\/fr\/wp-json\/wp\/v2\/product_cat?post=2505"},{"taxonomy":"product_tag","embeddable":true,"href":"https:\/\/westgem.shop\/fr\/wp-json\/wp\/v2\/product_tag?post=2505"}],"curies":[{"name":"wp","href":"https:\/\/api.w.org\/{rel}","templated":true}]}}