{"id":2506,"date":"2001-04-12T00:00:00","date_gmt":"2001-04-12T00:00:00","guid":{"rendered":"https:\/\/miners.rocks\/product\/jaspis-orange-river\/"},"modified":"2020-05-19T16:59:04","modified_gmt":"2020-05-19T16:59:04","slug":"jaspis-orange-river","status":"publish","type":"product","link":"https:\/\/westgem.shop\/fr\/produit\/jaspis-orange-river\/","title":{"rendered":"JASPIS - ORANGE RIVER"},"content":{"rendered":"<p>Pi\u00e8ce brute d'un jaspe - ROUGE avec des AIGNES de quartz blanc<\/p>\n<p>Ce jaspe \"classique\" a \u00e9t\u00e9 trouv\u00e9 en R\u00e9publique d'Afrique du Sud.<\/p>\n<p>Prieska - Cap Nord<\/p>\n<p>Poids : 630 g Dimensions : 13 x 7 x 4 cm<\/p>","protected":false},"excerpt":{"rendered":"<p>Pi\u00e8ce brute d'un jaspe - ROUGE avec des ADERNES de quartz blanc Le lieu de d\u00e9couverte de ce jaspe \"classique\" est la R\u00e9publique d'AFRIQUE du Sud Prieska - Northern Cape Poids : 630 g Dimensions : 13 x 7 x 4 cm<\/p>","protected":false},"featured_media":3517,"template":"","meta":{"_acf_changed":false},"region":[],"product_brand":[],"product_cat":[15],"product_tag":[],"class_list":{"0":"post-2506","1":"product","2":"type-product","3":"status-publish","4":"has-post-thumbnail","6":"product_cat-mineralien","8":"first","9":"outofstock","10":"sold-individually","11":"product-type-simple"},"acf":[],"_links":{"self":[{"href":"https:\/\/westgem.shop\/fr\/wp-json\/wp\/v2\/product\/2506","targetHints":{"allow":["GET"]}}],"collection":[{"href":"https:\/\/westgem.shop\/fr\/wp-json\/wp\/v2\/product"}],"about":[{"href":"https:\/\/westgem.shop\/fr\/wp-json\/wp\/v2\/types\/product"}],"wp:featuredmedia":[{"embeddable":true,"href":"https:\/\/westgem.shop\/fr\/wp-json\/wp\/v2\/media\/3517"}],"wp:attachment":[{"href":"https:\/\/westgem.shop\/fr\/wp-json\/wp\/v2\/media?parent=2506"}],"wp:term":[{"taxonomy":"region","embeddable":true,"href":"https:\/\/westgem.shop\/fr\/wp-json\/wp\/v2\/region?post=2506"},{"taxonomy":"product_brand","embeddable":true,"href":"https:\/\/westgem.shop\/fr\/wp-json\/wp\/v2\/product_brand?post=2506"},{"taxonomy":"product_cat","embeddable":true,"href":"https:\/\/westgem.shop\/fr\/wp-json\/wp\/v2\/product_cat?post=2506"},{"taxonomy":"product_tag","embeddable":true,"href":"https:\/\/westgem.shop\/fr\/wp-json\/wp\/v2\/product_tag?post=2506"}],"curies":[{"name":"wp","href":"https:\/\/api.w.org\/{rel}","templated":true}]}}