{"id":2509,"date":"2001-04-15T00:00:00","date_gmt":"2001-04-15T00:00:00","guid":{"rendered":"https:\/\/miners.rocks\/product\/dravit-xx-von-der-typlokalitaet\/"},"modified":"2020-05-19T16:59:06","modified_gmt":"2020-05-19T16:59:06","slug":"dravit-xx-de-la-localite-type","status":"publish","type":"product","link":"https:\/\/westgem.shop\/fr\/produit\/dravit-xx-de-la-localite-type\/","title":{"rendered":"DRAVIT xx de la localit\u00e9 type"},"content":{"rendered":"<p>DRAVIT<u> - Tourmaline de magn\u00e9sium xx - <\/u> en MUSCOVIT argent\u00e9 brillant<\/p>\n<p>Depuis le TYPE DE TROUVERIE<\/p>\n<p>Description d\u00e9taill\u00e9e dans la cat\u00e9gorie DRAVIT XX Art. NR. KM - 130<\/p>\n<p>Poids : 110 g Dimensions : 7 x 4,5 x 2,5 cm<\/p>\n<p>L'image 3 est la face arri\u00e8re<\/p>","protected":false},"excerpt":{"rendered":"<p>DRAVITE - Tourmaline de magn\u00e9sium xx - en MUSCOVITE argent\u00e9e brillante De la FONDATION TYPE Description d\u00e9taill\u00e9e exacte dans la cat\u00e9gorie DRAVITE XX Art. NR KM - 130 Poids : 110 g Dimensions : 7 x 4,5 x 2,5 cm La photo 3 est le verso<\/p>","protected":false},"featured_media":3524,"template":"","meta":{"_acf_changed":false},"region":[],"product_brand":[],"product_cat":[15],"product_tag":[],"class_list":{"0":"post-2509","1":"product","2":"type-product","3":"status-publish","4":"has-post-thumbnail","6":"product_cat-mineralien","8":"first","9":"outofstock","10":"sold-individually","11":"product-type-simple"},"acf":[],"_links":{"self":[{"href":"https:\/\/westgem.shop\/fr\/wp-json\/wp\/v2\/product\/2509","targetHints":{"allow":["GET"]}}],"collection":[{"href":"https:\/\/westgem.shop\/fr\/wp-json\/wp\/v2\/product"}],"about":[{"href":"https:\/\/westgem.shop\/fr\/wp-json\/wp\/v2\/types\/product"}],"wp:featuredmedia":[{"embeddable":true,"href":"https:\/\/westgem.shop\/fr\/wp-json\/wp\/v2\/media\/3524"}],"wp:attachment":[{"href":"https:\/\/westgem.shop\/fr\/wp-json\/wp\/v2\/media?parent=2509"}],"wp:term":[{"taxonomy":"region","embeddable":true,"href":"https:\/\/westgem.shop\/fr\/wp-json\/wp\/v2\/region?post=2509"},{"taxonomy":"product_brand","embeddable":true,"href":"https:\/\/westgem.shop\/fr\/wp-json\/wp\/v2\/product_brand?post=2509"},{"taxonomy":"product_cat","embeddable":true,"href":"https:\/\/westgem.shop\/fr\/wp-json\/wp\/v2\/product_cat?post=2509"},{"taxonomy":"product_tag","embeddable":true,"href":"https:\/\/westgem.shop\/fr\/wp-json\/wp\/v2\/product_tag?post=2509"}],"curies":[{"name":"wp","href":"https:\/\/api.w.org\/{rel}","templated":true}]}}