{"id":2510,"date":"2001-04-16T00:00:00","date_gmt":"2001-04-16T00:00:00","guid":{"rendered":"https:\/\/miners.rocks\/product\/dravit-xx-turmalin\/"},"modified":"2020-05-19T16:59:07","modified_gmt":"2020-05-19T16:59:07","slug":"dravit-xx-tourmaline","status":"publish","type":"product","link":"https:\/\/westgem.shop\/fr\/produit\/dravit-xx-tourmaline\/","title":{"rendered":"DRAVIT xx TURMALIN"},"content":{"rendered":"<p>Aucune d\u00e9couverte sur la TYPLOCALIT\u00c9 depuis plus de 40 ans<\/p>\n<p>Description d\u00e9taill\u00e9e de notre DRAVITE , \u00e0 gauche dans la cat\u00e9gorie DRAVIT xx<\/p>\n<p>pour l'art. KM - 130<\/p>\n<p>Poids de la pi\u00e8ce : 110 g Dimensions : 9 x 4 x 3 cm<\/p>","protected":false},"excerpt":{"rendered":"<p>Depuis plus de 40 ans, plus aucune d\u00e9couverte sur la TYPLOCALIT\u00c9 Description d\u00e9taill\u00e9e de notre DRAVITE , \u00e0 gauche dans la cat\u00e9gorie DRAVITE xx \u00e0 l'art. KM - 130 Poids de cette pi\u00e8ce : 110 g Dimensions : 9 x 4 x 3 cm<\/p>","protected":false},"featured_media":3527,"template":"","meta":{"_acf_changed":false},"region":[],"product_brand":[],"product_cat":[15],"product_tag":[],"class_list":{"0":"post-2510","1":"product","2":"type-product","3":"status-publish","4":"has-post-thumbnail","6":"product_cat-mineralien","8":"first","9":"outofstock","10":"sold-individually","11":"product-type-simple"},"acf":[],"_links":{"self":[{"href":"https:\/\/westgem.shop\/fr\/wp-json\/wp\/v2\/product\/2510","targetHints":{"allow":["GET"]}}],"collection":[{"href":"https:\/\/westgem.shop\/fr\/wp-json\/wp\/v2\/product"}],"about":[{"href":"https:\/\/westgem.shop\/fr\/wp-json\/wp\/v2\/types\/product"}],"wp:featuredmedia":[{"embeddable":true,"href":"https:\/\/westgem.shop\/fr\/wp-json\/wp\/v2\/media\/3527"}],"wp:attachment":[{"href":"https:\/\/westgem.shop\/fr\/wp-json\/wp\/v2\/media?parent=2510"}],"wp:term":[{"taxonomy":"region","embeddable":true,"href":"https:\/\/westgem.shop\/fr\/wp-json\/wp\/v2\/region?post=2510"},{"taxonomy":"product_brand","embeddable":true,"href":"https:\/\/westgem.shop\/fr\/wp-json\/wp\/v2\/product_brand?post=2510"},{"taxonomy":"product_cat","embeddable":true,"href":"https:\/\/westgem.shop\/fr\/wp-json\/wp\/v2\/product_cat?post=2510"},{"taxonomy":"product_tag","embeddable":true,"href":"https:\/\/westgem.shop\/fr\/wp-json\/wp\/v2\/product_tag?post=2510"}],"curies":[{"name":"wp","href":"https:\/\/api.w.org\/{rel}","templated":true}]}}