{"id":2512,"date":"2001-04-18T00:00:00","date_gmt":"2001-04-18T00:00:00","guid":{"rendered":"https:\/\/miners.rocks\/product\/aa-malachit-kongo\/"},"modified":"2020-05-19T16:59:08","modified_gmt":"2020-05-19T16:59:08","slug":"aa-malachite-congo","status":"publish","type":"product","link":"https:\/\/westgem.shop\/fr\/produit\/aa-malachite-congo\/","title":{"rendered":"AA Malachite - Congo"},"content":{"rendered":"<p>Tr\u00e8s belle malachite de la MINE de RUASHI \u00e0 Lubumbashi - Congo.<\/p>\n<p>Environ 5.000 mineurs travaillent 24 heures sur 24 dans cette mine et extraient, outre les minerais de cuivre, de la magnifique malachite en tant que produit abrasif.<\/p>\n<p>Poids : 220 g Dimensions : 8 x 5 x 2 cm<\/p>\n<p>Nous importons ces superbes malachites par l'interm\u00e9diaire de la soci\u00e9t\u00e9 mini\u00e8re sud-africaine. Il est actuellement presque impossible d'obtenir de la marchandise directement du Congo.<\/p>\n<p>Superbes motifs vert clair - vert fonc\u00e9 dans la malachite et beaux \"yeux\" au-dessus des stalagtites .<\/p>","protected":false},"excerpt":{"rendered":"<p>Tr\u00e8s belle malachite de la MINE de RUASHI \u00e0 Lubumbashi - Congo. Environ 5.000 mineurs travaillent 24 heures sur 24 dans cette mine et extraient, en plus des minerais de cuivre, de la magnifique malachite comme produit abrasif. Poids : 220 g Dimensions : 8 x 5 x 2 cm Nous importons ces magnifiques malachites par l'interm\u00e9diaire de la soci\u00e9t\u00e9 mini\u00e8re sud-africaine [...].<\/p>","protected":false},"featured_media":3533,"template":"","meta":{"_acf_changed":false},"region":[],"product_brand":[],"product_cat":[15],"product_tag":[],"class_list":{"0":"post-2512","1":"product","2":"type-product","3":"status-publish","4":"has-post-thumbnail","6":"product_cat-mineralien","8":"first","9":"outofstock","10":"sold-individually","11":"product-type-simple"},"acf":[],"_links":{"self":[{"href":"https:\/\/westgem.shop\/fr\/wp-json\/wp\/v2\/product\/2512","targetHints":{"allow":["GET"]}}],"collection":[{"href":"https:\/\/westgem.shop\/fr\/wp-json\/wp\/v2\/product"}],"about":[{"href":"https:\/\/westgem.shop\/fr\/wp-json\/wp\/v2\/types\/product"}],"wp:featuredmedia":[{"embeddable":true,"href":"https:\/\/westgem.shop\/fr\/wp-json\/wp\/v2\/media\/3533"}],"wp:attachment":[{"href":"https:\/\/westgem.shop\/fr\/wp-json\/wp\/v2\/media?parent=2512"}],"wp:term":[{"taxonomy":"region","embeddable":true,"href":"https:\/\/westgem.shop\/fr\/wp-json\/wp\/v2\/region?post=2512"},{"taxonomy":"product_brand","embeddable":true,"href":"https:\/\/westgem.shop\/fr\/wp-json\/wp\/v2\/product_brand?post=2512"},{"taxonomy":"product_cat","embeddable":true,"href":"https:\/\/westgem.shop\/fr\/wp-json\/wp\/v2\/product_cat?post=2512"},{"taxonomy":"product_tag","embeddable":true,"href":"https:\/\/westgem.shop\/fr\/wp-json\/wp\/v2\/product_tag?post=2512"}],"curies":[{"name":"wp","href":"https:\/\/api.w.org\/{rel}","templated":true}]}}