{"id":2513,"date":"2001-04-19T00:00:00","date_gmt":"2001-04-19T00:00:00","guid":{"rendered":"https:\/\/miners.rocks\/product\/malachit-handpoliert-kongo\/"},"modified":"2020-05-19T16:59:08","modified_gmt":"2020-05-19T16:59:08","slug":"malachite-polie-a-la-main-congo","status":"publish","type":"product","link":"https:\/\/westgem.shop\/fr\/produit\/malachite-polie-a-la-main-congo\/","title":{"rendered":"Malachite polie \u00e0 la main - Congo"},"content":{"rendered":"<p>Tr\u00e8s d\u00e9coratif, m\u00eame pour un bureau.<\/p>\n<p>Dessins d'un beau vert clair - vert fonc\u00e9 - particuli\u00e8rement bien visibles \u00e0 la lumi\u00e8re du soleil ou sous un \u00e9clairage direct.<\/p>\n<p>Botrodial - Malachite - polie \u00e0 la main - MINE DE RUASHI - Katanga - Congo<\/p>\n<p>Poids : 252 g Dimensions : 8 x 6 x 4 cm<\/p>","protected":false},"excerpt":{"rendered":"<p>Tr\u00e8s d\u00e9coratif, \u00e9galement pour un bureau. Jolis dessins vert clair - vert fonc\u00e9 - particuli\u00e8rement bien visibles \u00e0 la lumi\u00e8re du soleil ou \u00e0 l'\u00e9clairage direct. Botrodial - malachite - poli \u00e0 la main - MINE DE RUASHI - Katanga - Congo Poids : 252 g Dimensions : 8 x 6 x 4 cm<\/p>","protected":false},"featured_media":3536,"template":"","meta":{"_acf_changed":false},"region":[],"product_brand":[],"product_cat":[15],"product_tag":[],"class_list":{"0":"post-2513","1":"product","2":"type-product","3":"status-publish","4":"has-post-thumbnail","6":"product_cat-mineralien","8":"first","9":"outofstock","10":"sold-individually","11":"product-type-simple"},"acf":[],"_links":{"self":[{"href":"https:\/\/westgem.shop\/fr\/wp-json\/wp\/v2\/product\/2513","targetHints":{"allow":["GET"]}}],"collection":[{"href":"https:\/\/westgem.shop\/fr\/wp-json\/wp\/v2\/product"}],"about":[{"href":"https:\/\/westgem.shop\/fr\/wp-json\/wp\/v2\/types\/product"}],"wp:featuredmedia":[{"embeddable":true,"href":"https:\/\/westgem.shop\/fr\/wp-json\/wp\/v2\/media\/3536"}],"wp:attachment":[{"href":"https:\/\/westgem.shop\/fr\/wp-json\/wp\/v2\/media?parent=2513"}],"wp:term":[{"taxonomy":"region","embeddable":true,"href":"https:\/\/westgem.shop\/fr\/wp-json\/wp\/v2\/region?post=2513"},{"taxonomy":"product_brand","embeddable":true,"href":"https:\/\/westgem.shop\/fr\/wp-json\/wp\/v2\/product_brand?post=2513"},{"taxonomy":"product_cat","embeddable":true,"href":"https:\/\/westgem.shop\/fr\/wp-json\/wp\/v2\/product_cat?post=2513"},{"taxonomy":"product_tag","embeddable":true,"href":"https:\/\/westgem.shop\/fr\/wp-json\/wp\/v2\/product_tag?post=2513"}],"curies":[{"name":"wp","href":"https:\/\/api.w.org\/{rel}","templated":true}]}}