{"id":2517,"date":"2001-04-23T00:00:00","date_gmt":"2001-04-23T00:00:00","guid":{"rendered":"https:\/\/miners.rocks\/product\/spitzen-amethyst-uruguay\/"},"modified":"2020-05-19T16:59:10","modified_gmt":"2020-05-19T16:59:10","slug":"dentelle-damethyste-uruguay","status":"publish","type":"product","link":"https:\/\/westgem.shop\/fr\/produit\/dentelle-damethyste-uruguay\/","title":{"rendered":"Pointes AMETHYST - URUGUAY"},"content":{"rendered":"<p>COULEUR NATURELLE de premi\u00e8re qualit\u00e9, d'un violet profond - Qualit\u00e9 AMETHYST AA EXTRA<\/p>\n<p>Nature Matrice ACHAT<\/p>\n<p>Becker Mine - Artigas - URUGUAY<\/p>\n<p>Poids : 500 g (1\/2 kilogramme) Dimensions : 12 x 8 x 6 cm<\/p>","protected":false},"excerpt":{"rendered":"<p>TEINTURE NATURELLE de premi\u00e8re qualit\u00e9, violet profond - Qualit\u00e9 AMETHYSTE AA EXTRA nature Mine ACHAT Matrix Becker - Artigas - URUGUAY Poids : 500 g (1\/2 kilogramme) Dimensions : 12 x 8 x 6 cm<\/p>","protected":false},"featured_media":3549,"template":"","meta":{"_acf_changed":false},"region":[],"product_brand":[],"product_cat":[15],"product_tag":[],"class_list":{"0":"post-2517","1":"product","2":"type-product","3":"status-publish","4":"has-post-thumbnail","6":"product_cat-mineralien","8":"first","9":"outofstock","10":"sold-individually","11":"product-type-simple"},"acf":[],"_links":{"self":[{"href":"https:\/\/westgem.shop\/fr\/wp-json\/wp\/v2\/product\/2517","targetHints":{"allow":["GET"]}}],"collection":[{"href":"https:\/\/westgem.shop\/fr\/wp-json\/wp\/v2\/product"}],"about":[{"href":"https:\/\/westgem.shop\/fr\/wp-json\/wp\/v2\/types\/product"}],"wp:featuredmedia":[{"embeddable":true,"href":"https:\/\/westgem.shop\/fr\/wp-json\/wp\/v2\/media\/3549"}],"wp:attachment":[{"href":"https:\/\/westgem.shop\/fr\/wp-json\/wp\/v2\/media?parent=2517"}],"wp:term":[{"taxonomy":"region","embeddable":true,"href":"https:\/\/westgem.shop\/fr\/wp-json\/wp\/v2\/region?post=2517"},{"taxonomy":"product_brand","embeddable":true,"href":"https:\/\/westgem.shop\/fr\/wp-json\/wp\/v2\/product_brand?post=2517"},{"taxonomy":"product_cat","embeddable":true,"href":"https:\/\/westgem.shop\/fr\/wp-json\/wp\/v2\/product_cat?post=2517"},{"taxonomy":"product_tag","embeddable":true,"href":"https:\/\/westgem.shop\/fr\/wp-json\/wp\/v2\/product_tag?post=2517"}],"curies":[{"name":"wp","href":"https:\/\/api.w.org\/{rel}","templated":true}]}}