{"id":2519,"date":"2001-04-25T00:00:00","date_gmt":"2001-04-25T00:00:00","guid":{"rendered":"https:\/\/miners.rocks\/product\/haematit-fe2o3-glaskopf\/"},"modified":"2020-05-19T16:59:12","modified_gmt":"2020-05-19T16:59:12","slug":"haematite-fe2o3-tete-de-verre","status":"publish","type":"product","link":"https:\/\/westgem.shop\/fr\/produit\/haematite-fe2o3-tete-de-verre\/","title":{"rendered":"H\u00c4MATIT Fe2O3 - t\u00eate de verre"},"content":{"rendered":"<p>T\u00caTE DE VERRE rouge - noire = h\u00e9matite<\/p>\n<p>Knollengrube Bad Lauterberg - HARZ - ALLEMAGNE<\/p>\n<p>Poids : 230 g Dimensions : 7 x 7 x 2 cm<\/p>\n<p>L'image 3 est la face arri\u00e8re<\/p>","protected":false},"excerpt":{"rendered":"<p>T\u00caTE DE VERRE rouge - noire = h\u00e9matite Knollengrube Bad Lauternberg - HARZ - Allemagne Poids : 230 g Dimensions : 7 x 7 x 2 cm La photo 3 est le verso<\/p>","protected":false},"featured_media":3556,"template":"","meta":{"_acf_changed":false},"region":[],"product_brand":[],"product_cat":[15],"product_tag":[],"class_list":{"0":"post-2519","1":"product","2":"type-product","3":"status-publish","4":"has-post-thumbnail","6":"product_cat-mineralien","8":"first","9":"outofstock","10":"sold-individually","11":"product-type-simple"},"acf":[],"_links":{"self":[{"href":"https:\/\/westgem.shop\/fr\/wp-json\/wp\/v2\/product\/2519","targetHints":{"allow":["GET"]}}],"collection":[{"href":"https:\/\/westgem.shop\/fr\/wp-json\/wp\/v2\/product"}],"about":[{"href":"https:\/\/westgem.shop\/fr\/wp-json\/wp\/v2\/types\/product"}],"wp:featuredmedia":[{"embeddable":true,"href":"https:\/\/westgem.shop\/fr\/wp-json\/wp\/v2\/media\/3556"}],"wp:attachment":[{"href":"https:\/\/westgem.shop\/fr\/wp-json\/wp\/v2\/media?parent=2519"}],"wp:term":[{"taxonomy":"region","embeddable":true,"href":"https:\/\/westgem.shop\/fr\/wp-json\/wp\/v2\/region?post=2519"},{"taxonomy":"product_brand","embeddable":true,"href":"https:\/\/westgem.shop\/fr\/wp-json\/wp\/v2\/product_brand?post=2519"},{"taxonomy":"product_cat","embeddable":true,"href":"https:\/\/westgem.shop\/fr\/wp-json\/wp\/v2\/product_cat?post=2519"},{"taxonomy":"product_tag","embeddable":true,"href":"https:\/\/westgem.shop\/fr\/wp-json\/wp\/v2\/product_tag?post=2519"}],"curies":[{"name":"wp","href":"https:\/\/api.w.org\/{rel}","templated":true}]}}