{"id":2520,"date":"2001-04-26T00:00:00","date_gmt":"2001-04-26T00:00:00","guid":{"rendered":"https:\/\/miners.rocks\/product\/cinnabarit-xx-in-quarz\/"},"modified":"2020-05-19T16:59:12","modified_gmt":"2020-05-19T16:59:12","slug":"cinnabarite-xx-en-quartz","status":"publish","type":"product","link":"https:\/\/westgem.shop\/fr\/produit\/cinnabarite-xx-en-quartz\/","title":{"rendered":"CINNABARIT xx en quartz"},"content":{"rendered":"<p>De l'ancienne mine QUECKSILBER BERGBAU dans le Buchholzgraben.<\/p>\n<p>inutile de pr\u00e9ciser qu'il n'y a plus du tout de pi\u00e8ces \u00e0 trouver depuis longtemps.<\/p>\n<p>CINNABARITE ou ZINNOBER - petits cristaux de couleur intense dans les parties en quartz du calcaire - associ\u00e9 aussi \u00e0 de petites PYRITES xx<\/p>\n<p>Poids : 830 g Dimensions : 11 x 9 x 7 cm<\/p>","protected":false},"excerpt":{"rendered":"<p>De l'ancienne mine de QUECKSILBER BERGBAU dans le Buchholzgraben. Inutile de pr\u00e9ciser qu'il n'y a plus de pi\u00e8ces \u00e0 trouver depuis longtemps. CINNABARITE ou ZINNOBER - petits cristaux de couleur intense dans les parties en quartz du calcaire - associ\u00e9 aussi \u00e0 de petites PYRITES xx Poids : 830 g Dimensions : 11 x 9 x 7 cm<\/p>","protected":false},"featured_media":3559,"template":"","meta":{"_acf_changed":false},"region":[],"product_brand":[],"product_cat":[15],"product_tag":[],"class_list":{"0":"post-2520","1":"product","2":"type-product","3":"status-publish","4":"has-post-thumbnail","6":"product_cat-mineralien","8":"first","9":"outofstock","10":"sold-individually","11":"product-type-simple"},"acf":[],"_links":{"self":[{"href":"https:\/\/westgem.shop\/fr\/wp-json\/wp\/v2\/product\/2520","targetHints":{"allow":["GET"]}}],"collection":[{"href":"https:\/\/westgem.shop\/fr\/wp-json\/wp\/v2\/product"}],"about":[{"href":"https:\/\/westgem.shop\/fr\/wp-json\/wp\/v2\/types\/product"}],"wp:featuredmedia":[{"embeddable":true,"href":"https:\/\/westgem.shop\/fr\/wp-json\/wp\/v2\/media\/3559"}],"wp:attachment":[{"href":"https:\/\/westgem.shop\/fr\/wp-json\/wp\/v2\/media?parent=2520"}],"wp:term":[{"taxonomy":"region","embeddable":true,"href":"https:\/\/westgem.shop\/fr\/wp-json\/wp\/v2\/region?post=2520"},{"taxonomy":"product_brand","embeddable":true,"href":"https:\/\/westgem.shop\/fr\/wp-json\/wp\/v2\/product_brand?post=2520"},{"taxonomy":"product_cat","embeddable":true,"href":"https:\/\/westgem.shop\/fr\/wp-json\/wp\/v2\/product_cat?post=2520"},{"taxonomy":"product_tag","embeddable":true,"href":"https:\/\/westgem.shop\/fr\/wp-json\/wp\/v2\/product_tag?post=2520"}],"curies":[{"name":"wp","href":"https:\/\/api.w.org\/{rel}","templated":true}]}}