{"id":2521,"date":"2001-04-27T00:00:00","date_gmt":"2001-04-27T00:00:00","guid":{"rendered":"https:\/\/miners.rocks\/product\/cinnabarit-xx-buchholzgraben\/"},"modified":"2020-05-19T16:59:13","modified_gmt":"2020-05-19T16:59:13","slug":"cinnabarit-xx-buchholzgraben","status":"publish","type":"product","link":"https:\/\/westgem.shop\/fr\/produit\/cinnabarit-xx-buchholzgraben\/","title":{"rendered":"CINNABARIT xx - Foss\u00e9 de Buchholz"},"content":{"rendered":"<p>De l'ancienne mine de mercure.<\/p>\n<p>Pi\u00e8ce de premi\u00e8re qualit\u00e9 avec de beaux cristaux rouges de ZINNOBER dans la partie quartz de la matrice calcaire.<\/p>\n<p>Buchholzgraben au pied du Goldeck - Haute-Carinthie .<\/p>\n<p>Poids : 680 g Dimensions : 16 x 8 x 7 cm<\/p>","protected":false},"excerpt":{"rendered":"<p>De l'ancienne mine de mercure. Pi\u00e8ce de premi\u00e8re classe avec de beaux cristaux rouges de ZINNOBER dans la partie quartz de la matrice calcaire. Buchholzgraben au pied du Goldeck - Haute Carinthie. Poids : 680 g Dimensions : 16 x 8 x 7 cm<\/p>","protected":false},"featured_media":3562,"template":"","meta":{"_acf_changed":false},"region":[],"product_brand":[],"product_cat":[15],"product_tag":[],"class_list":{"0":"post-2521","1":"product","2":"type-product","3":"status-publish","4":"has-post-thumbnail","6":"product_cat-mineralien","8":"first","9":"outofstock","10":"sold-individually","11":"product-type-simple"},"acf":[],"_links":{"self":[{"href":"https:\/\/westgem.shop\/fr\/wp-json\/wp\/v2\/product\/2521","targetHints":{"allow":["GET"]}}],"collection":[{"href":"https:\/\/westgem.shop\/fr\/wp-json\/wp\/v2\/product"}],"about":[{"href":"https:\/\/westgem.shop\/fr\/wp-json\/wp\/v2\/types\/product"}],"wp:featuredmedia":[{"embeddable":true,"href":"https:\/\/westgem.shop\/fr\/wp-json\/wp\/v2\/media\/3562"}],"wp:attachment":[{"href":"https:\/\/westgem.shop\/fr\/wp-json\/wp\/v2\/media?parent=2521"}],"wp:term":[{"taxonomy":"region","embeddable":true,"href":"https:\/\/westgem.shop\/fr\/wp-json\/wp\/v2\/region?post=2521"},{"taxonomy":"product_brand","embeddable":true,"href":"https:\/\/westgem.shop\/fr\/wp-json\/wp\/v2\/product_brand?post=2521"},{"taxonomy":"product_cat","embeddable":true,"href":"https:\/\/westgem.shop\/fr\/wp-json\/wp\/v2\/product_cat?post=2521"},{"taxonomy":"product_tag","embeddable":true,"href":"https:\/\/westgem.shop\/fr\/wp-json\/wp\/v2\/product_tag?post=2521"}],"curies":[{"name":"wp","href":"https:\/\/api.w.org\/{rel}","templated":true}]}}