{"id":2522,"date":"2001-04-28T00:00:00","date_gmt":"2001-04-28T00:00:00","guid":{"rendered":"https:\/\/miners.rocks\/product\/cinnabarit-xx-kaernten-2\/"},"modified":"2020-05-19T16:59:13","modified_gmt":"2020-05-19T16:59:13","slug":"cinnabarit-xx-kaernten-2","status":"publish","type":"product","link":"https:\/\/westgem.shop\/fr\/produit\/cinnabarit-xx-kaernten-2\/","title":{"rendered":"CINNABARIT xx - Carinthie"},"content":{"rendered":"<p>CINNABARITE - ZINNOBER - cristaux d'un beau rouge dans la partie quartz de la matrice calcaire<\/p>\n<p>Des cristaux de PYRITE sont \u00e9galement visibles sur les bords du quartz.<\/p>\n<p>De l'ancienne mine QUECKSILBER BERGBAU. Malheureusement, il n'est plus possible de faire des d\u00e9couvertes.<\/p>\n<p>Poids : 230 g Dimensions : 11 x 7 x 4 cm<\/p>","protected":false},"excerpt":{"rendered":"<p>CINNABARITE - ZINNOBER - de beaux cristaux rouges dans la partie en quartz de la matrice calcaire On peut \u00e9galement voir des cristaux de PYRITE sur les bords en quartz. De l'ancienne exploitation mini\u00e8re de QUECKSILBER. Malheureusement, plus aucune possibilit\u00e9 de d\u00e9couverte. Poids : 230 g Dimensions : 11 x 7 x 4 cm<\/p>","protected":false},"featured_media":3565,"template":"","meta":{"_acf_changed":false},"region":[],"product_brand":[],"product_cat":[15],"product_tag":[],"class_list":{"0":"post-2522","1":"product","2":"type-product","3":"status-publish","4":"has-post-thumbnail","6":"product_cat-mineralien","8":"first","9":"outofstock","10":"sold-individually","11":"product-type-simple"},"acf":[],"_links":{"self":[{"href":"https:\/\/westgem.shop\/fr\/wp-json\/wp\/v2\/product\/2522","targetHints":{"allow":["GET"]}}],"collection":[{"href":"https:\/\/westgem.shop\/fr\/wp-json\/wp\/v2\/product"}],"about":[{"href":"https:\/\/westgem.shop\/fr\/wp-json\/wp\/v2\/types\/product"}],"wp:featuredmedia":[{"embeddable":true,"href":"https:\/\/westgem.shop\/fr\/wp-json\/wp\/v2\/media\/3565"}],"wp:attachment":[{"href":"https:\/\/westgem.shop\/fr\/wp-json\/wp\/v2\/media?parent=2522"}],"wp:term":[{"taxonomy":"region","embeddable":true,"href":"https:\/\/westgem.shop\/fr\/wp-json\/wp\/v2\/region?post=2522"},{"taxonomy":"product_brand","embeddable":true,"href":"https:\/\/westgem.shop\/fr\/wp-json\/wp\/v2\/product_brand?post=2522"},{"taxonomy":"product_cat","embeddable":true,"href":"https:\/\/westgem.shop\/fr\/wp-json\/wp\/v2\/product_cat?post=2522"},{"taxonomy":"product_tag","embeddable":true,"href":"https:\/\/westgem.shop\/fr\/wp-json\/wp\/v2\/product_tag?post=2522"}],"curies":[{"name":"wp","href":"https:\/\/api.w.org\/{rel}","templated":true}]}}