{"id":2523,"date":"2001-04-29T00:00:00","date_gmt":"2001-04-29T00:00:00","guid":{"rendered":"https:\/\/miners.rocks\/product\/almandin-xx-oetztal\/"},"modified":"2020-05-19T16:59:14","modified_gmt":"2020-05-19T16:59:14","slug":"almandin-xx-oetztal","status":"publish","type":"product","link":"https:\/\/westgem.shop\/fr\/produit\/almandin-xx-oetztal\/","title":{"rendered":"ALMANDIN xx - \u00d6TZTAL"},"content":{"rendered":"<p>ALMANDIN GRANAT xx sur schiste micac\u00e9.<\/p>\n<p>Gaisbergferner - \u00f6tztal Tyrol.<\/p>\n<p>De grands cristaux bien form\u00e9s - le site n'est plus accessible qu'\u00e0 quelques alpinistes de haute montagne bien form\u00e9s. C'est pourquoi les marches de GRANAT de l'\u00f6tztal ne sont plus tr\u00e8s fr\u00e9quentes.<\/p>\n<p>Poids : 500 g (1\/2 Kg) Dimensions : 12 x 6 x 6 cm xx \u00e0 5 cm<\/p>\n<p>Les cristaux sont NATURELS <u>PAS<\/u> huil\u00e9, comme on le voit malheureusement parfois.<\/p>\n<p>Vous trouverez d'autres 'GRANATS DE HOCHALPIN de ces lots de 2004 dans le <u>Cat\u00e9gorie : MINERAIS D'AUTRICHE<\/u><\/p>","protected":false},"excerpt":{"rendered":"<p>ALMANDIN GRANAT xx sur schiste micac\u00e9. Gaisbergferner - \u00f6tztal Tyrol. De grands cristaux bien form\u00e9s - le site n'est plus accessible qu'\u00e0 quelques alpinistes bien form\u00e9s. C'est pourquoi les marches de GRANAT de l'\u00f6tztal ne sont plus tr\u00e8s fr\u00e9quentes. Poids : 500 g (1\/2 Kg) Dimensions : 12 x 6 x 6 cm xx \u00e0 5 cm [...]<\/p>","protected":false},"featured_media":3568,"template":"","meta":{"_acf_changed":false},"region":[],"product_brand":[],"product_cat":[15],"product_tag":[],"class_list":{"0":"post-2523","1":"product","2":"type-product","3":"status-publish","4":"has-post-thumbnail","6":"product_cat-mineralien","8":"first","9":"outofstock","10":"sold-individually","11":"product-type-simple"},"acf":[],"_links":{"self":[{"href":"https:\/\/westgem.shop\/fr\/wp-json\/wp\/v2\/product\/2523","targetHints":{"allow":["GET"]}}],"collection":[{"href":"https:\/\/westgem.shop\/fr\/wp-json\/wp\/v2\/product"}],"about":[{"href":"https:\/\/westgem.shop\/fr\/wp-json\/wp\/v2\/types\/product"}],"wp:featuredmedia":[{"embeddable":true,"href":"https:\/\/westgem.shop\/fr\/wp-json\/wp\/v2\/media\/3568"}],"wp:attachment":[{"href":"https:\/\/westgem.shop\/fr\/wp-json\/wp\/v2\/media?parent=2523"}],"wp:term":[{"taxonomy":"region","embeddable":true,"href":"https:\/\/westgem.shop\/fr\/wp-json\/wp\/v2\/region?post=2523"},{"taxonomy":"product_brand","embeddable":true,"href":"https:\/\/westgem.shop\/fr\/wp-json\/wp\/v2\/product_brand?post=2523"},{"taxonomy":"product_cat","embeddable":true,"href":"https:\/\/westgem.shop\/fr\/wp-json\/wp\/v2\/product_cat?post=2523"},{"taxonomy":"product_tag","embeddable":true,"href":"https:\/\/westgem.shop\/fr\/wp-json\/wp\/v2\/product_tag?post=2523"}],"curies":[{"name":"wp","href":"https:\/\/api.w.org\/{rel}","templated":true}]}}