{"id":2524,"date":"2001-04-30T00:00:00","date_gmt":"2001-04-30T00:00:00","guid":{"rendered":"https:\/\/miners.rocks\/product\/larimar\/"},"modified":"2020-05-19T16:59:14","modified_gmt":"2020-05-19T16:59:14","slug":"larimar","status":"publish","type":"product","link":"https:\/\/westgem.shop\/fr\/produit\/larimar\/","title":{"rendered":"LARIMAR"},"content":{"rendered":"<p>Nous c\u00e9dons les derniers LARIMARE que nous avons encore \u00e0 des prix sp\u00e9ciaux. Nous ne proposerons plus ce min\u00e9ral dans notre programme \u00e0 l'avenir. Pourquoi ?<\/p>\n<p>La vraie mati\u00e8re premi\u00e8re avec une couleur \u00e0 peu pr\u00e8s correcte est d\u00e9j\u00e0 disproportionnellement ch\u00e8re.<\/p>\n<p>Les tailleurs et les perceurs ne sont pas tr\u00e8s friands de ces min\u00e9raux PEKTOLITH, car les pierres se cassent facilement et les forets creux se collent tr\u00e8s facilement avec le mat\u00e9riau gras. De plus, le LARIMAR est tr\u00e8s difficile \u00e0 polir, il n'y a gu\u00e8re de pierres ornementales avec un bon brillant.<\/p>\n<p>Et les pierres pr\u00e9cieuses et les colliers sur le march\u00e9 bon march\u00e9 sont de toute fa\u00e7on aujourd'hui en quartz bleu de production chinoise !<\/p>\n<p>Cette pi\u00e8ce brute coup\u00e9e provient des exploitations originales de la R\u00e9publique dominicaine.<\/p>\n<p>Poids : 114 g Dimensions : 5,5 x 5,5 x 3 cm A<u>BPRIX DE VENTE !<\/u><\/p>","protected":false},"excerpt":{"rendered":"<p>Nous c\u00e9dons les derniers LARIMARE que nous avons encore \u00e0 des prix sp\u00e9ciaux. Nous ne proposerons plus ce min\u00e9ral dans notre programme \u00e0 l'avenir. Pourquoi ? La vraie mati\u00e8re premi\u00e8re avec une couleur \u00e0 peu pr\u00e8s correcte est d\u00e9j\u00e0 disproportionnellement ch\u00e8re. Les tailleurs et les foreurs sont peu friands de ce min\u00e9ral PEKTOLITH, car les pierres se cassent facilement et [...].<\/p>","protected":false},"featured_media":3572,"template":"","meta":{"_acf_changed":false},"region":[],"product_brand":[],"product_cat":[15],"product_tag":[],"class_list":{"0":"post-2524","1":"product","2":"type-product","3":"status-publish","4":"has-post-thumbnail","6":"product_cat-mineralien","8":"first","9":"outofstock","10":"sold-individually","11":"product-type-simple"},"acf":[],"_links":{"self":[{"href":"https:\/\/westgem.shop\/fr\/wp-json\/wp\/v2\/product\/2524","targetHints":{"allow":["GET"]}}],"collection":[{"href":"https:\/\/westgem.shop\/fr\/wp-json\/wp\/v2\/product"}],"about":[{"href":"https:\/\/westgem.shop\/fr\/wp-json\/wp\/v2\/types\/product"}],"wp:featuredmedia":[{"embeddable":true,"href":"https:\/\/westgem.shop\/fr\/wp-json\/wp\/v2\/media\/3572"}],"wp:attachment":[{"href":"https:\/\/westgem.shop\/fr\/wp-json\/wp\/v2\/media?parent=2524"}],"wp:term":[{"taxonomy":"region","embeddable":true,"href":"https:\/\/westgem.shop\/fr\/wp-json\/wp\/v2\/region?post=2524"},{"taxonomy":"product_brand","embeddable":true,"href":"https:\/\/westgem.shop\/fr\/wp-json\/wp\/v2\/product_brand?post=2524"},{"taxonomy":"product_cat","embeddable":true,"href":"https:\/\/westgem.shop\/fr\/wp-json\/wp\/v2\/product_cat?post=2524"},{"taxonomy":"product_tag","embeddable":true,"href":"https:\/\/westgem.shop\/fr\/wp-json\/wp\/v2\/product_tag?post=2524"}],"curies":[{"name":"wp","href":"https:\/\/api.w.org\/{rel}","templated":true}]}}