{"id":2525,"date":"2001-05-01T00:00:00","date_gmt":"2001-05-01T00:00:00","guid":{"rendered":"https:\/\/miners.rocks\/product\/calcit-xx-zinkblende-xx-bleiberg\/"},"modified":"2020-05-19T16:59:15","modified_gmt":"2020-05-19T16:59:15","slug":"calcite-xx-blende-de-zinc-xx-montagne-de-plomb","status":"publish","type":"product","link":"https:\/\/westgem.shop\/fr\/produit\/calcite-xx-blende-de-zinc-xx-montagne-de-plomb\/","title":{"rendered":"CALCIT xx - pechblende xx . BLEIBERG"},"content":{"rendered":"<p>CALCIT xx Belle ODERE SCALENTIQUE blanche et transparente . tw. double-ender avec un bel \u00e9clat. La cro\u00fbte cristalline brune sur le c\u00f4t\u00e9 est de la 'ZINKBLENDE .<\/p>\n<p>Ancienne pi\u00e8ce du c\u00e9l\u00e8bre BLEI und ZINK BERGBAU \u00e0 BLEIBERG\/KREUTH<\/p>\n<p>Poids de la marche : <u>1,7 kilogramme <\/u>   Dimensions : 24 x 9 x 8 cm<\/p>","protected":false},"excerpt":{"rendered":"<p>CALCITE xx Belle ODERE SCALENTIQUE blanche et transparente . tw. double-ender avec un bel \u00e9clat. La cro\u00fbte cristalline brune sur le c\u00f4t\u00e9 est 'ZINKBLENDE. Pi\u00e8ce ancienne du c\u00e9l\u00e8bre BLEI und ZINK BERGBAU \u00e0 BLEIBERG\/KREUTH Poids de la marche : 1,7 kilogramme Dimensions : 24 x 9 x 8 cm<\/p>","protected":false},"featured_media":3574,"template":"","meta":{"_acf_changed":false},"region":[],"product_brand":[],"product_cat":[15],"product_tag":[],"class_list":{"0":"post-2525","1":"product","2":"type-product","3":"status-publish","4":"has-post-thumbnail","6":"product_cat-mineralien","8":"first","9":"outofstock","10":"sold-individually","11":"product-type-simple"},"acf":[],"_links":{"self":[{"href":"https:\/\/westgem.shop\/fr\/wp-json\/wp\/v2\/product\/2525","targetHints":{"allow":["GET"]}}],"collection":[{"href":"https:\/\/westgem.shop\/fr\/wp-json\/wp\/v2\/product"}],"about":[{"href":"https:\/\/westgem.shop\/fr\/wp-json\/wp\/v2\/types\/product"}],"wp:featuredmedia":[{"embeddable":true,"href":"https:\/\/westgem.shop\/fr\/wp-json\/wp\/v2\/media\/3574"}],"wp:attachment":[{"href":"https:\/\/westgem.shop\/fr\/wp-json\/wp\/v2\/media?parent=2525"}],"wp:term":[{"taxonomy":"region","embeddable":true,"href":"https:\/\/westgem.shop\/fr\/wp-json\/wp\/v2\/region?post=2525"},{"taxonomy":"product_brand","embeddable":true,"href":"https:\/\/westgem.shop\/fr\/wp-json\/wp\/v2\/product_brand?post=2525"},{"taxonomy":"product_cat","embeddable":true,"href":"https:\/\/westgem.shop\/fr\/wp-json\/wp\/v2\/product_cat?post=2525"},{"taxonomy":"product_tag","embeddable":true,"href":"https:\/\/westgem.shop\/fr\/wp-json\/wp\/v2\/product_tag?post=2525"}],"curies":[{"name":"wp","href":"https:\/\/api.w.org\/{rel}","templated":true}]}}