{"id":2526,"date":"2001-05-02T00:00:00","date_gmt":"2001-05-02T00:00:00","guid":{"rendered":"https:\/\/miners.rocks\/product\/deko-kugel-versteinertes-holz\/"},"modified":"2020-05-19T16:59:16","modified_gmt":"2020-05-19T16:59:16","slug":"boule-decorative-bois-petrifie","status":"publish","type":"product","link":"https:\/\/westgem.shop\/fr\/produit\/boule-decorative-bois-petrifie\/","title":{"rendered":"BOULE DECORATIVE - Bois p\u00e9trifi\u00e9"},"content":{"rendered":"<p>BOUGLE DECORATION en BOIS PIERRE de premi\u00e8re qualit\u00e9, polie \u00e0 la main, provenant des sites de Madagascar dans la vall\u00e9e de Manando.<\/p>\n<p>De superbes motifs de couleur dans un mat\u00e9riau naturel vieux de plus de 100 millions d'ann\u00e9es.<\/p>\n<p>Vous recevrez en plus un support de boule en plexiglas - avec la boule, c'est un point de mire tr\u00e8s d\u00e9coratif, surtout sur un bureau. De plus, la boule brillante incite toujours \u00e0 la prendre en main pour simplement entrer en contact avec elle - essayez une fois - c'est une sensation fantastique !<\/p>\n<p>Ce n'est pas un tour de passe-passe \u00e9sot\u00e9rique - c'est tout simplement comme \u00e7a - instinctif .<\/p>\n<p>Poids de la sph\u00e8re : 780 g Diam\u00e8tre de la sph\u00e8re : 8,5 cm<\/p>\n<p>Attention : importation directe ! <u>SUPER PRIX !<\/u><\/p>","protected":false},"excerpt":{"rendered":"<p>BOULE DE DECORATION en BOIS POLI de premi\u00e8re qualit\u00e9, polie \u00e0 la main, provenant des sites de Madagascar dans la vall\u00e9e de Manando. Superbes motifs de couleur dans un mat\u00e9riau naturel vieux de plus de 100 millions d'ann\u00e9es. Vous recevrez en plus un support de boule en plexiglas attrayant - avec la boule, c'est un point de mire tr\u00e8s d\u00e9coratif, surtout sur un bureau. De plus, la boule brillante incite toujours [...].<\/p>","protected":false},"featured_media":3578,"template":"","meta":{"_acf_changed":false},"region":[],"product_brand":[],"product_cat":[15],"product_tag":[],"class_list":{"0":"post-2526","1":"product","2":"type-product","3":"status-publish","4":"has-post-thumbnail","6":"product_cat-mineralien","8":"first","9":"outofstock","10":"sold-individually","11":"product-type-simple"},"acf":[],"_links":{"self":[{"href":"https:\/\/westgem.shop\/fr\/wp-json\/wp\/v2\/product\/2526","targetHints":{"allow":["GET"]}}],"collection":[{"href":"https:\/\/westgem.shop\/fr\/wp-json\/wp\/v2\/product"}],"about":[{"href":"https:\/\/westgem.shop\/fr\/wp-json\/wp\/v2\/types\/product"}],"wp:featuredmedia":[{"embeddable":true,"href":"https:\/\/westgem.shop\/fr\/wp-json\/wp\/v2\/media\/3578"}],"wp:attachment":[{"href":"https:\/\/westgem.shop\/fr\/wp-json\/wp\/v2\/media?parent=2526"}],"wp:term":[{"taxonomy":"region","embeddable":true,"href":"https:\/\/westgem.shop\/fr\/wp-json\/wp\/v2\/region?post=2526"},{"taxonomy":"product_brand","embeddable":true,"href":"https:\/\/westgem.shop\/fr\/wp-json\/wp\/v2\/product_brand?post=2526"},{"taxonomy":"product_cat","embeddable":true,"href":"https:\/\/westgem.shop\/fr\/wp-json\/wp\/v2\/product_cat?post=2526"},{"taxonomy":"product_tag","embeddable":true,"href":"https:\/\/westgem.shop\/fr\/wp-json\/wp\/v2\/product_tag?post=2526"}],"curies":[{"name":"wp","href":"https:\/\/api.w.org\/{rel}","templated":true}]}}