{"id":2527,"date":"2001-05-03T00:00:00","date_gmt":"2001-05-03T00:00:00","guid":{"rendered":"https:\/\/miners.rocks\/product\/deko-kugel-verst-holz\/"},"modified":"2020-05-19T16:59:16","modified_gmt":"2020-05-19T16:59:16","slug":"boule-de-decoration-renforcee-bois","status":"publish","type":"product","link":"https:\/\/westgem.shop\/fr\/produit\/boule-de-decoration-renforcee-bois\/","title":{"rendered":"BOULE D\u00c9CORATIVE - BOIS RENFORC\u00c9"},"content":{"rendered":"<p>Superbe BILLET DECO en bois p\u00e9trifi\u00e9 de plus de 100 millions d'ann\u00e9es provenant de la vall\u00e9e de Manando \u00e0 Madagascar<\/p>\n<p>Poids : 610 g Diam\u00e8tre de la boule : 8 cm<\/p>\n<p>PLEXI support de boule gratuit ! <u>SUPER DIRECT IMPORT PRIX !<\/u><\/p>","protected":false},"excerpt":{"rendered":"<p>Superbe BILLE DECO en bois p\u00e9trifi\u00e9 de plus de 100 millions d'ann\u00e9es provenant de la vall\u00e9e de Manando \u00e0 Madagascar Poids : 610 g Diam\u00e8tre de la boule : 8 cm PLEXI Support de boule gratuit ! SUPER PRIX D'IMPORTATION DIRECTE !<\/p>","protected":false},"featured_media":3581,"template":"","meta":{"_acf_changed":false},"region":[],"product_brand":[],"product_cat":[15],"product_tag":[],"class_list":{"0":"post-2527","1":"product","2":"type-product","3":"status-publish","4":"has-post-thumbnail","6":"product_cat-mineralien","8":"first","9":"outofstock","10":"sold-individually","11":"product-type-simple"},"acf":[],"_links":{"self":[{"href":"https:\/\/westgem.shop\/fr\/wp-json\/wp\/v2\/product\/2527","targetHints":{"allow":["GET"]}}],"collection":[{"href":"https:\/\/westgem.shop\/fr\/wp-json\/wp\/v2\/product"}],"about":[{"href":"https:\/\/westgem.shop\/fr\/wp-json\/wp\/v2\/types\/product"}],"wp:featuredmedia":[{"embeddable":true,"href":"https:\/\/westgem.shop\/fr\/wp-json\/wp\/v2\/media\/3581"}],"wp:attachment":[{"href":"https:\/\/westgem.shop\/fr\/wp-json\/wp\/v2\/media?parent=2527"}],"wp:term":[{"taxonomy":"region","embeddable":true,"href":"https:\/\/westgem.shop\/fr\/wp-json\/wp\/v2\/region?post=2527"},{"taxonomy":"product_brand","embeddable":true,"href":"https:\/\/westgem.shop\/fr\/wp-json\/wp\/v2\/product_brand?post=2527"},{"taxonomy":"product_cat","embeddable":true,"href":"https:\/\/westgem.shop\/fr\/wp-json\/wp\/v2\/product_cat?post=2527"},{"taxonomy":"product_tag","embeddable":true,"href":"https:\/\/westgem.shop\/fr\/wp-json\/wp\/v2\/product_tag?post=2527"}],"curies":[{"name":"wp","href":"https:\/\/api.w.org\/{rel}","templated":true}]}}