{"id":2528,"date":"2001-05-04T00:00:00","date_gmt":"2001-05-04T00:00:00","guid":{"rendered":"https:\/\/miners.rocks\/product\/dekokugel-verstholz\/"},"modified":"2020-05-19T16:59:17","modified_gmt":"2020-05-19T16:59:17","slug":"boule-de-decoration-bois","status":"publish","type":"product","link":"https:\/\/westgem.shop\/fr\/produit\/boule-de-decoration-bois\/","title":{"rendered":"BOULE DE D\u00c9CORATION - VERST:BOIS"},"content":{"rendered":"<p>Top polissage - Ponc\u00e9 \u00e0 la main - SUPER PRIX DIRECT !<\/p>\n<p>Le lieu de d\u00e9couverte des bois p\u00e9trifi\u00e9s \u00e0 Madagascar est la vall\u00e9e de Manando.<\/p>\n<p>Poids de la boule : 540 g Le diam\u00e8tre de la boule est de 7,5 cm<\/p>\n<p>Un support de boule en plexiglas est \u00e9galement fourni gratuitement.<\/p>","protected":false},"excerpt":{"rendered":"<p>Top polissage - Ponc\u00e9 \u00e0 la main - SUPER PRIX DIRECT ! Le lieu de d\u00e9couverte des bois p\u00e9trifi\u00e9s \u00e0 Madagascar est la vall\u00e9e de Manando. Poids de la boule : 540 g Diam\u00e8tre de la boule : 7,5 cm Un support de boule en plexiglas est inclus gratuitement.<\/p>","protected":false},"featured_media":3584,"template":"","meta":{"_acf_changed":false},"region":[],"product_brand":[],"product_cat":[15],"product_tag":[],"class_list":{"0":"post-2528","1":"product","2":"type-product","3":"status-publish","4":"has-post-thumbnail","6":"product_cat-mineralien","8":"first","9":"outofstock","10":"sold-individually","11":"product-type-simple"},"acf":[],"_links":{"self":[{"href":"https:\/\/westgem.shop\/fr\/wp-json\/wp\/v2\/product\/2528","targetHints":{"allow":["GET"]}}],"collection":[{"href":"https:\/\/westgem.shop\/fr\/wp-json\/wp\/v2\/product"}],"about":[{"href":"https:\/\/westgem.shop\/fr\/wp-json\/wp\/v2\/types\/product"}],"wp:featuredmedia":[{"embeddable":true,"href":"https:\/\/westgem.shop\/fr\/wp-json\/wp\/v2\/media\/3584"}],"wp:attachment":[{"href":"https:\/\/westgem.shop\/fr\/wp-json\/wp\/v2\/media?parent=2528"}],"wp:term":[{"taxonomy":"region","embeddable":true,"href":"https:\/\/westgem.shop\/fr\/wp-json\/wp\/v2\/region?post=2528"},{"taxonomy":"product_brand","embeddable":true,"href":"https:\/\/westgem.shop\/fr\/wp-json\/wp\/v2\/product_brand?post=2528"},{"taxonomy":"product_cat","embeddable":true,"href":"https:\/\/westgem.shop\/fr\/wp-json\/wp\/v2\/product_cat?post=2528"},{"taxonomy":"product_tag","embeddable":true,"href":"https:\/\/westgem.shop\/fr\/wp-json\/wp\/v2\/product_tag?post=2528"}],"curies":[{"name":"wp","href":"https:\/\/api.w.org\/{rel}","templated":true}]}}