{"id":2529,"date":"2001-05-05T00:00:00","date_gmt":"2001-05-05T00:00:00","guid":{"rendered":"https:\/\/miners.rocks\/product\/kugel-_-verst-holz-madagaskar\/"},"modified":"2020-05-19T16:59:18","modified_gmt":"2020-05-19T16:59:18","slug":"boule-_-verst-bois-madagascar","status":"publish","type":"product","link":"https:\/\/westgem.shop\/fr\/produit\/boule-_-verst-bois-madagascar\/","title":{"rendered":"BOUGIE _ BOIS FERME - Madagascar"},"content":{"rendered":"<p>BOULE DECORATIVE fabriqu\u00e9e \u00e0 partir d'un bois PERFOR\u00c9 de plus de 100 millions d'ann\u00e9es provenant du Mt. Bity dans la vall\u00e9e de Manando \u00e0 Madagascar.<\/p>\n<p>Poids : 360 g Diam\u00e8tre de la boule : 7 cm<\/p>\n<p>Un support de boule en plexiglas gratuit !<\/p>\n<p>Super Direct Import PRIX !<\/p>","protected":false},"excerpt":{"rendered":"<p>BILLE DECORATIVE fabriqu\u00e9e \u00e0 partir d'un bois PERFECTU\u00c9 vieux de plus de 100 millions d'ann\u00e9es, provenant du Mt. Bity dans la vall\u00e9e de Manando \u00e0 Madagascar. Poids : 360 g Diam\u00e8tre de la boule : 7 cm Un support de boule en plexiglas gratuit ! Super PRIX D'IMPORTATION DIRECTE !<\/p>","protected":false},"featured_media":3587,"template":"","meta":{"_acf_changed":false},"region":[],"product_brand":[],"product_cat":[15],"product_tag":[],"class_list":{"0":"post-2529","1":"product","2":"type-product","3":"status-publish","4":"has-post-thumbnail","6":"product_cat-mineralien","8":"first","9":"outofstock","10":"sold-individually","11":"product-type-simple"},"acf":[],"_links":{"self":[{"href":"https:\/\/westgem.shop\/fr\/wp-json\/wp\/v2\/product\/2529","targetHints":{"allow":["GET"]}}],"collection":[{"href":"https:\/\/westgem.shop\/fr\/wp-json\/wp\/v2\/product"}],"about":[{"href":"https:\/\/westgem.shop\/fr\/wp-json\/wp\/v2\/types\/product"}],"wp:featuredmedia":[{"embeddable":true,"href":"https:\/\/westgem.shop\/fr\/wp-json\/wp\/v2\/media\/3587"}],"wp:attachment":[{"href":"https:\/\/westgem.shop\/fr\/wp-json\/wp\/v2\/media?parent=2529"}],"wp:term":[{"taxonomy":"region","embeddable":true,"href":"https:\/\/westgem.shop\/fr\/wp-json\/wp\/v2\/region?post=2529"},{"taxonomy":"product_brand","embeddable":true,"href":"https:\/\/westgem.shop\/fr\/wp-json\/wp\/v2\/product_brand?post=2529"},{"taxonomy":"product_cat","embeddable":true,"href":"https:\/\/westgem.shop\/fr\/wp-json\/wp\/v2\/product_cat?post=2529"},{"taxonomy":"product_tag","embeddable":true,"href":"https:\/\/westgem.shop\/fr\/wp-json\/wp\/v2\/product_tag?post=2529"}],"curies":[{"name":"wp","href":"https:\/\/api.w.org\/{rel}","templated":true}]}}