{"id":2530,"date":"2001-05-06T00:00:00","date_gmt":"2001-05-06T00:00:00","guid":{"rendered":"https:\/\/miners.rocks\/product\/feuerstein-poliert\/"},"modified":"2020-05-19T16:59:18","modified_gmt":"2020-05-19T16:59:18","slug":"silex-poli","status":"publish","type":"product","link":"https:\/\/westgem.shop\/fr\/produit\/silex-poli\/","title":{"rendered":"PIERRE FEU- Polie"},"content":{"rendered":"<p>PIERRE DE CHALCEDON polychrome polie \u00e0 la main de Madagascar.<\/p>\n<p>Superbe pi\u00e8ce de DECO .<\/p>\n<p>Verso naturel.<\/p>\n<p>Poids : 330g Dimensions : 11 x 8 x 5 cm<\/p>","protected":false},"excerpt":{"rendered":"<p>PIERRE DE CHALCEDON polychrome polie \u00e0 la main de Madagascar. Superbe pi\u00e8ce de d\u00e9coration. Face arri\u00e8re naturelle. Poids : 330g Dimensions : 11 x 8 x 5 cm<\/p>","protected":false},"featured_media":3590,"template":"","meta":{"_acf_changed":false},"region":[],"product_brand":[],"product_cat":[15],"product_tag":[],"class_list":{"0":"post-2530","1":"product","2":"type-product","3":"status-publish","4":"has-post-thumbnail","6":"product_cat-mineralien","8":"first","9":"outofstock","10":"sold-individually","11":"product-type-simple"},"acf":[],"_links":{"self":[{"href":"https:\/\/westgem.shop\/fr\/wp-json\/wp\/v2\/product\/2530","targetHints":{"allow":["GET"]}}],"collection":[{"href":"https:\/\/westgem.shop\/fr\/wp-json\/wp\/v2\/product"}],"about":[{"href":"https:\/\/westgem.shop\/fr\/wp-json\/wp\/v2\/types\/product"}],"wp:featuredmedia":[{"embeddable":true,"href":"https:\/\/westgem.shop\/fr\/wp-json\/wp\/v2\/media\/3590"}],"wp:attachment":[{"href":"https:\/\/westgem.shop\/fr\/wp-json\/wp\/v2\/media?parent=2530"}],"wp:term":[{"taxonomy":"region","embeddable":true,"href":"https:\/\/westgem.shop\/fr\/wp-json\/wp\/v2\/region?post=2530"},{"taxonomy":"product_brand","embeddable":true,"href":"https:\/\/westgem.shop\/fr\/wp-json\/wp\/v2\/product_brand?post=2530"},{"taxonomy":"product_cat","embeddable":true,"href":"https:\/\/westgem.shop\/fr\/wp-json\/wp\/v2\/product_cat?post=2530"},{"taxonomy":"product_tag","embeddable":true,"href":"https:\/\/westgem.shop\/fr\/wp-json\/wp\/v2\/product_tag?post=2530"}],"curies":[{"name":"wp","href":"https:\/\/api.w.org\/{rel}","templated":true}]}}