{"id":2535,"date":"2001-05-11T00:00:00","date_gmt":"2001-05-11T00:00:00","guid":{"rendered":"https:\/\/miners.rocks\/product\/feuerstein-madagaskar-poliert\/"},"modified":"2020-05-19T16:59:20","modified_gmt":"2020-05-19T16:59:20","slug":"silex-de-madagascar-poli","status":"publish","type":"product","link":"https:\/\/westgem.shop\/fr\/produit\/silex-de-madagascar-poli\/","title":{"rendered":"PIERRE DE FEU \/ Madagascar - POLICE"},"content":{"rendered":"<p>CHALCEDON - PIERRE polychrome de Madagascar.<\/p>\n<p>Polie sur tout le pourtour avec surface d'appui.<\/p>\n<p>Poids : 290 g Dimensions : 9 x 6 x 3,5 cm<\/p>\n<p><u>Vous trouverez d'autres pi\u00e8ces de ce lot dans la CATEGORIE PI\u00c8CES INDIVIDUELLES NAVETTES \/ POLIES .<\/u><\/p>","protected":false},"excerpt":{"rendered":"<p>PIERRE DE CHALCEDON polychrome multicolore de Madagascar. Polie sur tout le pourtour avec base. Poids : 290 g Dimensions : 9 x 6 x 3,5 cm Vous trouverez d'autres pi\u00e8ces de ce lot dans la CATEGORIE PI\u00c8CES INDIVIDUELLES Chiffr\u00e9es\/Polies.<\/p>","protected":false},"featured_media":3604,"template":"","meta":{"_acf_changed":false},"region":[],"product_brand":[],"product_cat":[15],"product_tag":[],"class_list":{"0":"post-2535","1":"product","2":"type-product","3":"status-publish","4":"has-post-thumbnail","6":"product_cat-mineralien","8":"first","9":"outofstock","10":"sold-individually","11":"product-type-simple"},"acf":[],"_links":{"self":[{"href":"https:\/\/westgem.shop\/fr\/wp-json\/wp\/v2\/product\/2535","targetHints":{"allow":["GET"]}}],"collection":[{"href":"https:\/\/westgem.shop\/fr\/wp-json\/wp\/v2\/product"}],"about":[{"href":"https:\/\/westgem.shop\/fr\/wp-json\/wp\/v2\/types\/product"}],"wp:featuredmedia":[{"embeddable":true,"href":"https:\/\/westgem.shop\/fr\/wp-json\/wp\/v2\/media\/3604"}],"wp:attachment":[{"href":"https:\/\/westgem.shop\/fr\/wp-json\/wp\/v2\/media?parent=2535"}],"wp:term":[{"taxonomy":"region","embeddable":true,"href":"https:\/\/westgem.shop\/fr\/wp-json\/wp\/v2\/region?post=2535"},{"taxonomy":"product_brand","embeddable":true,"href":"https:\/\/westgem.shop\/fr\/wp-json\/wp\/v2\/product_brand?post=2535"},{"taxonomy":"product_cat","embeddable":true,"href":"https:\/\/westgem.shop\/fr\/wp-json\/wp\/v2\/product_cat?post=2535"},{"taxonomy":"product_tag","embeddable":true,"href":"https:\/\/westgem.shop\/fr\/wp-json\/wp\/v2\/product_tag?post=2535"}],"curies":[{"name":"wp","href":"https:\/\/api.w.org\/{rel}","templated":true}]}}