{"id":2538,"date":"2001-05-14T00:00:00","date_gmt":"2001-05-14T00:00:00","guid":{"rendered":"https:\/\/miners.rocks\/product\/malachit-aa-anpoliert\/"},"modified":"2020-05-19T16:59:22","modified_gmt":"2020-05-19T16:59:22","slug":"malachite-aa-polie","status":"publish","type":"product","link":"https:\/\/westgem.shop\/fr\/produit\/malachite-aa-polie\/","title":{"rendered":"Malachite AA - Polie"},"content":{"rendered":"<p>Malachite avec un beau dessin vert clair et fonc\u00e9 - Polie d'un c\u00f4t\u00e9<\/p>\n<p>Mine de Ruashi - Lubumbasi - Congo<\/p>\n<p>Poids : 180 g Dimensions : 8,5 x 5 x 21 cm<\/p>\n<p>La derni\u00e8re image montre le dessous de la nature.<\/p>","protected":false},"excerpt":{"rendered":"<p>Malachite avec un beau dessin vert clair et fonc\u00e9 - Polie sur une face - Mine de Ruashi - Lubumbasi - Congo Poids : 180 g Dimensions : 8,5 x 5 x 21 cm La derni\u00e8re photo montre le dessous naturel.<\/p>","protected":false},"featured_media":3615,"template":"","meta":{"_acf_changed":false},"region":[],"product_brand":[],"product_cat":[15],"product_tag":[],"class_list":{"0":"post-2538","1":"product","2":"type-product","3":"status-publish","4":"has-post-thumbnail","6":"product_cat-mineralien","8":"first","9":"outofstock","10":"sold-individually","11":"product-type-simple"},"acf":[],"_links":{"self":[{"href":"https:\/\/westgem.shop\/fr\/wp-json\/wp\/v2\/product\/2538","targetHints":{"allow":["GET"]}}],"collection":[{"href":"https:\/\/westgem.shop\/fr\/wp-json\/wp\/v2\/product"}],"about":[{"href":"https:\/\/westgem.shop\/fr\/wp-json\/wp\/v2\/types\/product"}],"wp:featuredmedia":[{"embeddable":true,"href":"https:\/\/westgem.shop\/fr\/wp-json\/wp\/v2\/media\/3615"}],"wp:attachment":[{"href":"https:\/\/westgem.shop\/fr\/wp-json\/wp\/v2\/media?parent=2538"}],"wp:term":[{"taxonomy":"region","embeddable":true,"href":"https:\/\/westgem.shop\/fr\/wp-json\/wp\/v2\/region?post=2538"},{"taxonomy":"product_brand","embeddable":true,"href":"https:\/\/westgem.shop\/fr\/wp-json\/wp\/v2\/product_brand?post=2538"},{"taxonomy":"product_cat","embeddable":true,"href":"https:\/\/westgem.shop\/fr\/wp-json\/wp\/v2\/product_cat?post=2538"},{"taxonomy":"product_tag","embeddable":true,"href":"https:\/\/westgem.shop\/fr\/wp-json\/wp\/v2\/product_tag?post=2538"}],"curies":[{"name":"wp","href":"https:\/\/api.w.org\/{rel}","templated":true}]}}