{"id":2539,"date":"2001-05-15T00:00:00","date_gmt":"2001-05-15T00:00:00","guid":{"rendered":"https:\/\/miners.rocks\/product\/malachit-kongo-2\/"},"modified":"2020-05-19T16:59:23","modified_gmt":"2020-05-19T16:59:23","slug":"malachite-congo-2","status":"publish","type":"product","link":"https:\/\/westgem.shop\/fr\/produit\/malachite-congo-2\/","title":{"rendered":"Malachite - Congo"},"content":{"rendered":"<p>Malachite de premi\u00e8re qualit\u00e9 - pi\u00e8ce d\u00e9corative - polie en surface.<\/p>\n<p>Mine de RUASHI - LUBUMBASHA - Congo<\/p>\n<p>Poids : 270 g Dimensions : 9 x 7 x 3 cm<\/p>\n<p>La derni\u00e8re photo montre le dessous de la nature<\/p>\n<p><u>Vous trouverez d'autres superbes malachites de ce lot dans la cat\u00e9gorie :<\/u><\/p>\n<p><u>MIN\u00c9RAUX D'AFRIQUE<\/u><\/p>","protected":false},"excerpt":{"rendered":"<p>Malachite de premi\u00e8re qualit\u00e9 - pi\u00e8ce d\u00e9corative - polie en surface. MINE DE RUASHI - LUBUMBASHA - Congo Poids : 270 g Dimensions : 9 x 7 x 3 cm La derni\u00e8re photo montre la face inf\u00e9rieure naturelle Vous trouverez d'autres superbes malachites de ce lot dans la cat\u00e9gorie : MINERAIS D'AFRIQUE<\/p>","protected":false},"featured_media":3618,"template":"","meta":{"_acf_changed":false},"region":[],"product_brand":[],"product_cat":[15],"product_tag":[],"class_list":{"0":"post-2539","1":"product","2":"type-product","3":"status-publish","4":"has-post-thumbnail","6":"product_cat-mineralien","8":"first","9":"outofstock","10":"sold-individually","11":"product-type-simple"},"acf":[],"_links":{"self":[{"href":"https:\/\/westgem.shop\/fr\/wp-json\/wp\/v2\/product\/2539","targetHints":{"allow":["GET"]}}],"collection":[{"href":"https:\/\/westgem.shop\/fr\/wp-json\/wp\/v2\/product"}],"about":[{"href":"https:\/\/westgem.shop\/fr\/wp-json\/wp\/v2\/types\/product"}],"wp:featuredmedia":[{"embeddable":true,"href":"https:\/\/westgem.shop\/fr\/wp-json\/wp\/v2\/media\/3618"}],"wp:attachment":[{"href":"https:\/\/westgem.shop\/fr\/wp-json\/wp\/v2\/media?parent=2539"}],"wp:term":[{"taxonomy":"region","embeddable":true,"href":"https:\/\/westgem.shop\/fr\/wp-json\/wp\/v2\/region?post=2539"},{"taxonomy":"product_brand","embeddable":true,"href":"https:\/\/westgem.shop\/fr\/wp-json\/wp\/v2\/product_brand?post=2539"},{"taxonomy":"product_cat","embeddable":true,"href":"https:\/\/westgem.shop\/fr\/wp-json\/wp\/v2\/product_cat?post=2539"},{"taxonomy":"product_tag","embeddable":true,"href":"https:\/\/westgem.shop\/fr\/wp-json\/wp\/v2\/product_tag?post=2539"}],"curies":[{"name":"wp","href":"https:\/\/api.w.org\/{rel}","templated":true}]}}